{"id":61,"date":"2025-10-27T22:30:52","date_gmt":"2025-10-27T21:30:52","guid":{"rendered":"https:\/\/www.mitjamarato.barcelona\/?page_id=61"},"modified":"2026-03-23T14:23:25","modified_gmt":"2026-03-23T13:23:25","slug":"voluntariado-2026","status":"publish","type":"page","link":"https:\/\/zurichmaratobarcelona.es\/es\/evento\/voluntariado-2026\/","title":{"rendered":"Voluntariado 2026"},"content":{"rendered":"\t\t<div data-elementor-type=\"wp-page\" data-elementor-id=\"61\" class=\"elementor elementor-61\" data-elementor-post-type=\"page\">\n\t\t\t\t<div class=\"elementor-element elementor-element-3fb239e e-flex e-con-boxed e-con e-parent\" data-id=\"3fb239e\" data-element_type=\"container\" data-e-type=\"container\" data-settings=\"{&quot;background_background&quot;:&quot;classic&quot;,&quot;background_motion_fx_motion_fx_scrolling&quot;:&quot;yes&quot;,&quot;background_motion_fx_translateY_effect&quot;:&quot;yes&quot;,&quot;background_motion_fx_translateY_speed&quot;:{&quot;unit&quot;:&quot;px&quot;,&quot;size&quot;:2,&quot;sizes&quot;:[]},&quot;background_motion_fx_translateY_affectedRange&quot;:{&quot;unit&quot;:&quot;%&quot;,&quot;size&quot;:&quot;&quot;,&quot;sizes&quot;:{&quot;start&quot;:0,&quot;end&quot;:100}},&quot;background_motion_fx_devices&quot;:[&quot;desktop&quot;,&quot;laptop&quot;,&quot;tablet&quot;,&quot;mobile&quot;]}\">\n\t\t\t\t\t<div class=\"e-con-inner\">\n\t\t\t\t\t<\/div>\n\t\t\t\t<\/div>\n\t\t<div class=\"elementor-element elementor-element-ccf2ead e-con-full e-flex e-con e-parent\" data-id=\"ccf2ead\" data-element_type=\"container\" data-e-type=\"container\" data-settings=\"{&quot;background_background&quot;:&quot;classic&quot;}\">\n\t\t<div class=\"elementor-element elementor-element-8076de2 e-con-full e-flex e-con e-child\" data-id=\"8076de2\" data-element_type=\"container\" data-e-type=\"container\">\n\t\t\t\t<div class=\"elementor-element elementor-element-f3cccf7 elementor-widget elementor-widget-heading\" data-id=\"f3cccf7\" data-element_type=\"widget\" data-e-type=\"widget\" data-widget_type=\"heading.default\">\n\t\t\t\t\t<h1 class=\"elementor-heading-title elementor-size-default\">Sin ellos, la ZMB, no ser\u00eda posible<\/h1>\t\t\t\t<\/div>\n\t\t<div class=\"elementor-element elementor-element-6302932 e-con-full e-flex e-con e-child\" data-id=\"6302932\" data-element_type=\"container\" data-e-type=\"container\">\n\t\t\t\t<div class=\"elementor-element elementor-element-a10fb16 elementor-widget elementor-widget-heading\" data-id=\"a10fb16\" data-element_type=\"widget\" data-e-type=\"widget\" data-widget_type=\"heading.default\">\n\t\t\t\t\t<h2 class=\"elementor-heading-title elementor-size-default\">Los voluntarios son la pieza clave de esta carrera. Gracias a ellos, podemos hacer posible una vez m\u00e1s, la Zurich Marat\u00f3 Barcelona.\n\n<\/h2>\t\t\t\t<\/div>\n\t\t\t\t<div class=\"elementor-element elementor-element-1537b50 elementor-widget elementor-widget-text-editor\" data-id=\"1537b50\" data-element_type=\"widget\" data-e-type=\"widget\" data-widget_type=\"text-editor.default\">\n\t\t\t\t\t\t\t\t\t<p>Ayudan mucho, y sobre todo, dedican toda su energ\u00eda a animar a los corredores.<\/p><p>Queremos agradecer de antemano, a todos los voluntarios que el d\u00eda de la Zurich Marat\u00f3 Barcelona, salen a las calles de Barcelona a ayudar en lo que haga falta para que el corredor pueda cruzar esa l\u00ednea de meta tan so\u00f1ada.<\/p>\t\t\t\t\t\t\t\t<\/div>\n\t\t\t\t<div class=\"elementor-element elementor-element-7359e90 elementor-widget-divider--view-line elementor-widget elementor-widget-divider\" data-id=\"7359e90\" data-element_type=\"widget\" data-e-type=\"widget\" data-widget_type=\"divider.default\">\n\t\t\t\t\t\t\t<div class=\"elementor-divider\">\n\t\t\t<span class=\"elementor-divider-separator\">\n\t\t\t\t\t\t<\/span>\n\t\t<\/div>\n\t\t\t\t\t\t<\/div>\n\t\t\t\t<div class=\"elementor-element elementor-element-c96a7b1 elementor-widget elementor-widget-heading\" data-id=\"c96a7b1\" data-element_type=\"widget\" data-e-type=\"widget\" data-widget_type=\"heading.default\">\n\t\t\t\t\t<h3 class=\"elementor-heading-title elementor-size-default\">Si eres una persona que te gustar\u00eda vivir la Zurich Marat\u00f3 Barcelona desde dentro, eres generoso, solidario y con mucha energ\u00eda \u00a1No dudes en contactar con la siguiente asociaci\u00f3n!<\/h3>\t\t\t\t<\/div>\n\t\t\t\t<div class=\"elementor-element elementor-element-8546324 elementor-widget elementor-widget-heading\" data-id=\"8546324\" data-element_type=\"widget\" data-e-type=\"widget\" data-widget_type=\"heading.default\">\n\t\t\t\t\t<h2 class=\"elementor-heading-title elementor-size-default\">Asociaci\u00f3n de contacto\n<\/h2>\t\t\t\t<\/div>\n\t\t\t\t<div class=\"elementor-element elementor-element-9bbe164 elementor-align-left elementor-widget__width-inherit elementor-widget elementor-widget-button\" data-id=\"9bbe164\" data-element_type=\"widget\" data-e-type=\"widget\" data-widget_type=\"button.default\">\n\t\t\t\t\t\t\t\t\t\t<a class=\"elementor-button elementor-button-link elementor-size-sm\" href=\"mailto:info@voluntaris2000.org\">\n\t\t\t\t\t\t<span class=\"elementor-button-content-wrapper\">\n\t\t\t\t\t\t<span class=\"elementor-button-icon\">\n\t\t\t\t<svg aria-hidden=\"true\" class=\"e-font-icon-svg e-fas-envelope\" viewBox=\"0 0 512 512\" xmlns=\"http:\/\/www.w3.org\/2000\/svg\"><path d=\"M502.3 190.8c3.9-3.1 9.7-.2 9.7 4.7V400c0 26.5-21.5 48-48 48H48c-26.5 0-48-21.5-48-48V195.6c0-5 5.7-7.8 9.7-4.7 22.4 17.4 52.1 39.5 154.1 113.6 21.1 15.4 56.7 47.8 92.2 47.6 35.7.3 72-32.8 92.3-47.6 102-74.1 131.6-96.3 154-113.7zM256 320c23.2.4 56.6-29.2 73.4-41.4 132.7-96.3 142.8-104.7 173.4-128.7 5.8-4.5 9.2-11.5 9.2-18.9v-19c0-26.5-21.5-48-48-48H48C21.5 64 0 85.5 0 112v19c0 7.4 3.4 14.3 9.2 18.9 30.6 23.9 40.7 32.4 173.4 128.7 16.8 12.2 50.2 41.8 73.4 41.4z\"><\/path><\/svg>\t\t\t<\/span>\n\t\t\t\t\t\t\t\t\t<span class=\"elementor-button-text\">Voluntaris 2000<\/span>\n\t\t\t\t\t<\/span>\n\t\t\t\t\t<\/a>\n\t\t\t\t\t\t\t\t<\/div>\n\t\t\t\t<\/div>\n\t\t\t\t<\/div>\n\t\t\t\t<\/div>\n\t\t<div class=\"elementor-element elementor-element-789f97c e-flex e-con-boxed e-con e-parent\" data-id=\"789f97c\" data-element_type=\"container\" data-e-type=\"container\" data-settings=\"{&quot;background_background&quot;:&quot;slideshow&quot;,&quot;background_motion_fx_translateY_effect&quot;:&quot;yes&quot;,&quot;background_motion_fx_translateY_speed&quot;:{&quot;unit&quot;:&quot;px&quot;,&quot;size&quot;:2,&quot;sizes&quot;:[]},&quot;background_slideshow_gallery&quot;:[{&quot;id&quot;:16983,&quot;url&quot;:&quot;https:\\\/\\\/zurichmaratobarcelona.es\\\/wp-content\\\/uploads\\\/2026\\\/03\\\/E70A4742.jpg&quot;},{&quot;id&quot;:16981,&quot;url&quot;:&quot;https:\\\/\\\/zurichmaratobarcelona.es\\\/wp-content\\\/uploads\\\/2026\\\/03\\\/@fotorunners.es-FERIA-MARATON-BARCELONA-2026-2116316-scaled.jpg&quot;},{&quot;id&quot;:16985,&quot;url&quot;:&quot;https:\\\/\\\/zurichmaratobarcelona.es\\\/wp-content\\\/uploads\\\/2026\\\/03\\\/E70A4761.jpg&quot;},{&quot;id&quot;:16977,&quot;url&quot;:&quot;https:\\\/\\\/zurichmaratobarcelona.es\\\/wp-content\\\/uploads\\\/2026\\\/03\\\/@fotorunners.es-FERIA-MARATON-BARCELONA-2026-2116335-scaled.jpg&quot;},{&quot;id&quot;:16987,&quot;url&quot;:&quot;https:\\\/\\\/zurichmaratobarcelona.es\\\/wp-content\\\/uploads\\\/2026\\\/03\\\/@fotorunners.es-FERIA-MARATON-BARCELONA-2026-2116378-scaled.jpg&quot;}],&quot;background_slideshow_ken_burns&quot;:&quot;yes&quot;,&quot;background_slideshow_loop&quot;:&quot;yes&quot;,&quot;background_slideshow_slide_duration&quot;:5000,&quot;background_slideshow_slide_transition&quot;:&quot;fade&quot;,&quot;background_slideshow_transition_duration&quot;:500,&quot;background_slideshow_ken_burns_zoom_direction&quot;:&quot;in&quot;,&quot;background_motion_fx_translateY_affectedRange&quot;:{&quot;unit&quot;:&quot;%&quot;,&quot;size&quot;:&quot;&quot;,&quot;sizes&quot;:{&quot;start&quot;:0,&quot;end&quot;:100}},&quot;background_motion_fx_devices&quot;:[&quot;desktop&quot;,&quot;laptop&quot;,&quot;tablet&quot;,&quot;mobile&quot;]}\">\n\t\t\t\t\t<div class=\"e-con-inner\">\n\t\t\t\t\t<\/div>\n\t\t\t\t<\/div>\n\t\t<div class=\"elementor-element elementor-element-1ae4476 e-con-full e-flex e-con e-parent\" data-id=\"1ae4476\" data-element_type=\"container\" data-e-type=\"container\" data-settings=\"{&quot;background_background&quot;:&quot;classic&quot;}\">\n\t\t<div class=\"elementor-element elementor-element-4936a5c e-con-full e-flex e-con e-child\" data-id=\"4936a5c\" data-element_type=\"container\" data-e-type=\"container\">\n\t\t\t\t<div class=\"elementor-element elementor-element-ae82d9f elementor-widget elementor-widget-heading\" data-id=\"ae82d9f\" data-element_type=\"widget\" data-e-type=\"widget\" data-widget_type=\"heading.default\">\n\t\t\t\t\t<h2 class=\"elementor-heading-title elementor-size-default\">Voluntarios ZMB\n<\/h2>\t\t\t\t<\/div>\n\t\t\t\t<div class=\"elementor-element elementor-element-c394057 elementor-widget-divider--view-line elementor-widget elementor-widget-divider\" data-id=\"c394057\" data-element_type=\"widget\" data-e-type=\"widget\" data-widget_type=\"divider.default\">\n\t\t\t\t\t\t\t<div class=\"elementor-divider\">\n\t\t\t<span class=\"elementor-divider-separator\">\n\t\t\t\t\t\t<\/span>\n\t\t<\/div>\n\t\t\t\t\t\t<\/div>\n\t\t<div class=\"elementor-element elementor-element-c95ebc1 e-grid e-con-full e-con e-child\" data-id=\"c95ebc1\" data-element_type=\"container\" data-e-type=\"container\">\n\t\t\t\t<div class=\"elementor-element elementor-element-45c95ab elementor-widget elementor-widget-image\" data-id=\"45c95ab\" data-element_type=\"widget\" data-e-type=\"widget\" data-widget_type=\"image.default\">\n\t\t\t\t\t\t\t\t\t\t\t\t\t\t\t\t<a href=\"https:\/\/magicbdnrunning.cat\/\" target=\"_blank\" rel=\"noopener\">\n\t\t\t\t\t\t\t<img fetchpriority=\"high\" decoding=\"async\" width=\"800\" height=\"800\" src=\"https:\/\/zurichmaratobarcelona.es\/wp-content\/uploads\/2026\/03\/UCA-LOGO.jpg\" class=\"attachment-large size-large wp-image-16326\" alt=\"\" srcset=\"https:\/\/zurichmaratobarcelona.es\/wp-content\/uploads\/2026\/03\/UCA-LOGO.jpg 900w, https:\/\/zurichmaratobarcelona.es\/wp-content\/uploads\/2026\/03\/UCA-LOGO-300x300.jpg 300w, https:\/\/zurichmaratobarcelona.es\/wp-content\/uploads\/2026\/03\/UCA-LOGO-150x150.jpg 150w, https:\/\/zurichmaratobarcelona.es\/wp-content\/uploads\/2026\/03\/UCA-LOGO-768x768.jpg 768w\" sizes=\"(max-width: 800px) 100vw, 800px\" \/>\t\t\t\t\t\t\t\t<\/a>\n\t\t\t\t\t\t\t\t\t\t\t\t\t\t\t<\/div>\n\t\t\t\t<div class=\"elementor-element elementor-element-e8d1384 elementor-widget elementor-widget-image\" data-id=\"e8d1384\" data-element_type=\"widget\" data-e-type=\"widget\" data-widget_type=\"image.default\">\n\t\t\t\t\t\t\t\t\t\t\t\t\t\t\t\t<a href=\"https:\/\/www.cncatalunya.cat\/\" target=\"_blank\" rel=\"noopener\">\n\t\t\t\t\t\t\t<img decoding=\"async\" width=\"358\" height=\"299\" src=\"https:\/\/zurichmaratobarcelona.es\/wp-content\/uploads\/2025\/11\/CN-Catalunya.webp\" class=\"attachment-large size-large wp-image-906\" alt=\"\" srcset=\"https:\/\/zurichmaratobarcelona.es\/wp-content\/uploads\/2025\/11\/CN-Catalunya.webp 358w, https:\/\/zurichmaratobarcelona.es\/wp-content\/uploads\/2025\/11\/CN-Catalunya-300x251.webp 300w\" sizes=\"(max-width: 358px) 100vw, 358px\" \/>\t\t\t\t\t\t\t\t<\/a>\n\t\t\t\t\t\t\t\t\t\t\t\t\t\t\t<\/div>\n\t\t\t\t<div class=\"elementor-element elementor-element-f5f7900 elementor-widget elementor-widget-image\" data-id=\"f5f7900\" data-element_type=\"widget\" data-e-type=\"widget\" data-widget_type=\"image.default\">\n\t\t\t\t\t\t\t\t\t\t\t\t\t\t\t\t<a href=\"https:\/\/cornellaatletic.com\/\" target=\"_blank\" rel=\"noopener\">\n\t\t\t\t\t\t\t<img decoding=\"async\" width=\"118\" height=\"121\" src=\"https:\/\/zurichmaratobarcelona.es\/wp-content\/uploads\/2026\/03\/CA-Cornella-2.png\" class=\"attachment-large size-large wp-image-16329\" alt=\"\" \/>\t\t\t\t\t\t\t\t<\/a>\n\t\t\t\t\t\t\t\t\t\t\t\t\t\t\t<\/div>\n\t\t\t\t<div class=\"elementor-element elementor-element-b050056 elementor-widget elementor-widget-image\" data-id=\"b050056\" data-element_type=\"widget\" data-e-type=\"widget\" data-widget_type=\"image.default\">\n\t\t\t\t\t\t\t\t\t\t\t\t\t\t\t\t<a href=\"https:\/\/jodic.net\/\" target=\"_blank\" rel=\"noopener\">\n\t\t\t\t\t\t\t<img loading=\"lazy\" decoding=\"async\" width=\"411\" height=\"377\" src=\"https:\/\/zurichmaratobarcelona.es\/wp-content\/uploads\/2025\/11\/Imagotipo__1__page-0001-removebg-preview.webp\" class=\"attachment-large size-large wp-image-898\" alt=\"\" srcset=\"https:\/\/zurichmaratobarcelona.es\/wp-content\/uploads\/2025\/11\/Imagotipo__1__page-0001-removebg-preview.webp 411w, https:\/\/zurichmaratobarcelona.es\/wp-content\/uploads\/2025\/11\/Imagotipo__1__page-0001-removebg-preview-300x275.webp 300w\" sizes=\"(max-width: 411px) 100vw, 411px\" \/>\t\t\t\t\t\t\t\t<\/a>\n\t\t\t\t\t\t\t\t\t\t\t\t\t\t\t<\/div>\n\t\t\t\t<div class=\"elementor-element elementor-element-0df39b9 elementor-widget elementor-widget-image\" data-id=\"0df39b9\" data-element_type=\"widget\" data-e-type=\"widget\" data-widget_type=\"image.default\">\n\t\t\t\t\t\t\t\t\t\t\t\t\t\t\t\t<a href=\"https:\/\/caespicornell.barcelona\/es\/inicio\/\" target=\"_blank\" rel=\"noopener\">\n\t\t\t\t\t\t\t<img loading=\"lazy\" decoding=\"async\" width=\"800\" height=\"800\" src=\"https:\/\/zurichmaratobarcelona.es\/wp-content\/uploads\/2026\/03\/ProDes-Logo-1-1.png\" class=\"attachment-large size-large wp-image-16331\" alt=\"\" srcset=\"https:\/\/zurichmaratobarcelona.es\/wp-content\/uploads\/2026\/03\/ProDes-Logo-1-1.png 1024w, https:\/\/zurichmaratobarcelona.es\/wp-content\/uploads\/2026\/03\/ProDes-Logo-1-1-300x300.png 300w, https:\/\/zurichmaratobarcelona.es\/wp-content\/uploads\/2026\/03\/ProDes-Logo-1-1-150x150.png 150w, https:\/\/zurichmaratobarcelona.es\/wp-content\/uploads\/2026\/03\/ProDes-Logo-1-1-768x768.png 768w\" sizes=\"(max-width: 800px) 100vw, 800px\" \/>\t\t\t\t\t\t\t\t<\/a>\n\t\t\t\t\t\t\t\t\t\t\t\t\t\t\t<\/div>\n\t\t\t\t<div class=\"elementor-element elementor-element-54a2a8f elementor-widget elementor-widget-image\" data-id=\"54a2a8f\" data-element_type=\"widget\" data-e-type=\"widget\" data-widget_type=\"image.default\">\n\t\t\t\t\t\t\t\t\t\t\t\t\t\t\t\t<a href=\"https:\/\/barcelona-voluntaria.blogspot.com\/\" target=\"_blank\" rel=\"noopener\">\n\t\t\t\t\t\t\t<img loading=\"lazy\" decoding=\"async\" width=\"800\" height=\"800\" src=\"https:\/\/zurichmaratobarcelona.es\/wp-content\/uploads\/2025\/11\/BARCELONA-VOLUNTARIA.webp\" class=\"attachment-large size-large wp-image-894\" alt=\"\" srcset=\"https:\/\/zurichmaratobarcelona.es\/wp-content\/uploads\/2025\/11\/BARCELONA-VOLUNTARIA.webp 980w, https:\/\/zurichmaratobarcelona.es\/wp-content\/uploads\/2025\/11\/BARCELONA-VOLUNTARIA-300x300.webp 300w, https:\/\/zurichmaratobarcelona.es\/wp-content\/uploads\/2025\/11\/BARCELONA-VOLUNTARIA-150x150.webp 150w, https:\/\/zurichmaratobarcelona.es\/wp-content\/uploads\/2025\/11\/BARCELONA-VOLUNTARIA-768x768.webp 768w\" sizes=\"(max-width: 800px) 100vw, 800px\" \/>\t\t\t\t\t\t\t\t<\/a>\n\t\t\t\t\t\t\t\t\t\t\t\t\t\t\t<\/div>\n\t\t\t\t<div class=\"elementor-element elementor-element-552c5bd elementor-widget elementor-widget-image\" data-id=\"552c5bd\" data-element_type=\"widget\" data-e-type=\"widget\" data-widget_type=\"image.default\">\n\t\t\t\t\t\t\t\t\t\t\t\t\t\t\t\t<a href=\"https:\/\/superaccio.org\/es\/\" target=\"_blank\" rel=\"noopener\">\n\t\t\t\t\t\t\t<img loading=\"lazy\" decoding=\"async\" width=\"300\" height=\"100\" src=\"https:\/\/zurichmaratobarcelona.es\/wp-content\/uploads\/2025\/11\/superaccio-logo.webp\" class=\"attachment-large size-large wp-image-896\" alt=\"\" \/>\t\t\t\t\t\t\t\t<\/a>\n\t\t\t\t\t\t\t\t\t\t\t\t\t\t\t<\/div>\n\t\t\t\t<div class=\"elementor-element elementor-element-d0613c8 elementor-widget elementor-widget-image\" data-id=\"d0613c8\" data-element_type=\"widget\" data-e-type=\"widget\" data-widget_type=\"image.default\">\n\t\t\t\t\t\t\t\t\t\t\t\t\t\t\t\t<a href=\"https:\/\/www.corredors.cat\/\" target=\"_blank\" rel=\"noopener\">\n\t\t\t\t\t\t\t<img loading=\"lazy\" decoding=\"async\" width=\"600\" height=\"167\" src=\"https:\/\/zurichmaratobarcelona.es\/wp-content\/uploads\/2026\/03\/CORREDORS.CAT-1.png\" class=\"attachment-large size-large wp-image-16333\" alt=\"\" srcset=\"https:\/\/zurichmaratobarcelona.es\/wp-content\/uploads\/2026\/03\/CORREDORS.CAT-1.png 600w, https:\/\/zurichmaratobarcelona.es\/wp-content\/uploads\/2026\/03\/CORREDORS.CAT-1-300x84.png 300w\" sizes=\"(max-width: 600px) 100vw, 600px\" \/>\t\t\t\t\t\t\t\t<\/a>\n\t\t\t\t\t\t\t\t\t\t\t\t\t\t\t<\/div>\n\t\t\t\t<div class=\"elementor-element elementor-element-da7b1ac elementor-widget elementor-widget-image\" data-id=\"da7b1ac\" data-element_type=\"widget\" data-e-type=\"widget\" data-widget_type=\"image.default\">\n\t\t\t\t\t\t\t\t\t\t\t\t\t\t\t\t<a href=\"https:\/\/escolapia.cat\/preinscripcio\/?gad_source=1&#038;gclid=Cj0KCQiA-aK8BhCDARIsAL_-H9nzaXHYaeytOj7OlV1Le4gD_1MeiRKRW1z0lGWr_0ZYkJOtM2DkmFYaAhqrEALw_wcB\" target=\"_blank\" rel=\"noopener\">\n\t\t\t\t\t\t\t<img loading=\"lazy\" decoding=\"async\" width=\"540\" height=\"285\" src=\"https:\/\/zurichmaratobarcelona.es\/wp-content\/uploads\/2026\/03\/escola-pia-logo.png\" class=\"attachment-large size-large wp-image-16337\" alt=\"\" srcset=\"https:\/\/zurichmaratobarcelona.es\/wp-content\/uploads\/2026\/03\/escola-pia-logo.png 540w, https:\/\/zurichmaratobarcelona.es\/wp-content\/uploads\/2026\/03\/escola-pia-logo-300x158.png 300w\" sizes=\"(max-width: 540px) 100vw, 540px\" \/>\t\t\t\t\t\t\t\t<\/a>\n\t\t\t\t\t\t\t\t\t\t\t\t\t\t\t<\/div>\n\t\t\t\t<div class=\"elementor-element elementor-element-da475ab elementor-widget elementor-widget-image\" data-id=\"da475ab\" data-element_type=\"widget\" data-e-type=\"widget\" data-widget_type=\"image.default\">\n\t\t\t\t\t\t\t\t\t\t\t\t\t\t\t\t<a href=\"https:\/\/www.uaoceu.es\/\" target=\"_blank\" rel=\"noopener\">\n\t\t\t\t\t\t\t<img loading=\"lazy\" decoding=\"async\" width=\"224\" height=\"224\" src=\"https:\/\/zurichmaratobarcelona.es\/wp-content\/uploads\/2026\/03\/Abat-Oliba.png\" class=\"attachment-large size-large wp-image-16341\" alt=\"\" srcset=\"https:\/\/zurichmaratobarcelona.es\/wp-content\/uploads\/2026\/03\/Abat-Oliba.png 224w, https:\/\/zurichmaratobarcelona.es\/wp-content\/uploads\/2026\/03\/Abat-Oliba-150x150.png 150w\" sizes=\"(max-width: 224px) 100vw, 224px\" \/>\t\t\t\t\t\t\t\t<\/a>\n\t\t\t\t\t\t\t\t\t\t\t\t\t\t\t<\/div>\n\t\t\t\t<div class=\"elementor-element elementor-element-f84dfa2 elementor-widget elementor-widget-image\" data-id=\"f84dfa2\" data-element_type=\"widget\" data-e-type=\"widget\" data-widget_type=\"image.default\">\n\t\t\t\t\t\t\t\t\t\t\t\t\t\t\t\t<a href=\"https:\/\/www.zurich.es\/\" target=\"_blank\" rel=\"noopener\">\n\t\t\t\t\t\t\t<img loading=\"lazy\" decoding=\"async\" width=\"258\" height=\"195\" src=\"https:\/\/zurichmaratobarcelona.es\/wp-content\/uploads\/2026\/03\/Zurich.png\" class=\"attachment-large size-large wp-image-16343\" alt=\"\" \/>\t\t\t\t\t\t\t\t<\/a>\n\t\t\t\t\t\t\t\t\t\t\t\t\t\t\t<\/div>\n\t\t\t\t<div class=\"elementor-element elementor-element-fbad832 elementor-widget elementor-widget-image\" data-id=\"fbad832\" data-element_type=\"widget\" data-e-type=\"widget\" data-widget_type=\"image.default\">\n\t\t\t\t\t\t\t\t\t\t\t\t\t\t\t\t<a href=\"https:\/\/www.canb.cat\/web\/index.php\" target=\"_blank\" rel=\"noopener\">\n\t\t\t\t\t\t\t<img loading=\"lazy\" decoding=\"async\" width=\"268\" height=\"98\" src=\"https:\/\/zurichmaratobarcelona.es\/wp-content\/uploads\/2026\/03\/CA-Nou-Barris.jpg\" class=\"attachment-large size-large wp-image-16345\" alt=\"\" \/>\t\t\t\t\t\t\t\t<\/a>\n\t\t\t\t\t\t\t\t\t\t\t\t\t\t\t<\/div>\n\t\t\t\t<div class=\"elementor-element elementor-element-1c5a4fa elementor-widget elementor-widget-image\" data-id=\"1c5a4fa\" data-element_type=\"widget\" data-e-type=\"widget\" data-widget_type=\"image.default\">\n\t\t\t\t\t\t\t\t\t\t\t\t\t\t\t<img loading=\"lazy\" decoding=\"async\" width=\"322\" height=\"480\" src=\"https:\/\/zurichmaratobarcelona.es\/wp-content\/uploads\/2026\/03\/LOGO-VOLUNTARIS-PER-AL-FUTUR-Small.jpg\" class=\"attachment-large size-large wp-image-16347\" alt=\"\" srcset=\"https:\/\/zurichmaratobarcelona.es\/wp-content\/uploads\/2026\/03\/LOGO-VOLUNTARIS-PER-AL-FUTUR-Small.jpg 322w, https:\/\/zurichmaratobarcelona.es\/wp-content\/uploads\/2026\/03\/LOGO-VOLUNTARIS-PER-AL-FUTUR-Small-201x300.jpg 201w\" sizes=\"(max-width: 322px) 100vw, 322px\" \/>\t\t\t\t\t\t\t\t\t\t\t\t\t\t\t<\/div>\n\t\t\t\t<div class=\"elementor-element elementor-element-b855c41 elementor-widget elementor-widget-image\" data-id=\"b855c41\" data-element_type=\"widget\" data-e-type=\"widget\" data-widget_type=\"image.default\">\n\t\t\t\t\t\t\t\t\t\t\t\t\t\t\t\t<a href=\"https:\/\/escolapissarria.cat\/\" target=\"_blank\" rel=\"noopener\">\n\t\t\t\t\t\t\t<img loading=\"lazy\" decoding=\"async\" width=\"236\" height=\"214\" src=\"https:\/\/zurichmaratobarcelona.es\/wp-content\/uploads\/2026\/03\/formacio-tecnics.png\" class=\"attachment-large size-large wp-image-16349\" alt=\"\" \/>\t\t\t\t\t\t\t\t<\/a>\n\t\t\t\t\t\t\t\t\t\t\t\t\t\t\t<\/div>\n\t\t\t\t<div class=\"elementor-element elementor-element-da00688 elementor-widget elementor-widget-image\" data-id=\"da00688\" data-element_type=\"widget\" data-e-type=\"widget\" data-widget_type=\"image.default\">\n\t\t\t\t\t\t\t\t\t\t\t\t\t\t\t\t<a href=\"https:\/\/clubesportiumediterrani.com\/\" target=\"_blank\" rel=\"noopener\">\n\t\t\t\t\t\t\t<img loading=\"lazy\" decoding=\"async\" width=\"517\" height=\"792\" src=\"https:\/\/zurichmaratobarcelona.es\/wp-content\/uploads\/2026\/03\/CEM-1.bmp\" class=\"attachment-large size-large wp-image-16358\" alt=\"\" srcset=\"https:\/\/zurichmaratobarcelona.es\/wp-content\/uploads\/2026\/03\/CEM-1.bmp 517w, https:\/\/zurichmaratobarcelona.es\/wp-content\/uploads\/2026\/03\/CEM-1-196x300.jpg 196w\" sizes=\"(max-width: 517px) 100vw, 517px\" \/>\t\t\t\t\t\t\t\t<\/a>\n\t\t\t\t\t\t\t\t\t\t\t\t\t\t\t<\/div>\n\t\t\t\t<div class=\"elementor-element elementor-element-91ac4f6 elementor-widget elementor-widget-image\" data-id=\"91ac4f6\" data-element_type=\"widget\" data-e-type=\"widget\" data-widget_type=\"image.default\">\n\t\t\t\t\t\t\t\t\t\t\t\t\t\t\t\t<a href=\"http:\/\/www.carunning.net\/index.php\/el-nostre-club\" target=\"_blank\" rel=\"noopener\">\n\t\t\t\t\t\t\t<img loading=\"lazy\" decoding=\"async\" width=\"800\" height=\"598\" src=\"https:\/\/zurichmaratobarcelona.es\/wp-content\/uploads\/2026\/03\/Logo-CAR-1024x765.jpg\" class=\"attachment-large size-large wp-image-16352\" alt=\"\" srcset=\"https:\/\/zurichmaratobarcelona.es\/wp-content\/uploads\/2026\/03\/Logo-CAR-1024x765.jpg 1024w, https:\/\/zurichmaratobarcelona.es\/wp-content\/uploads\/2026\/03\/Logo-CAR-300x224.jpg 300w, https:\/\/zurichmaratobarcelona.es\/wp-content\/uploads\/2026\/03\/Logo-CAR-768x574.jpg 768w, https:\/\/zurichmaratobarcelona.es\/wp-content\/uploads\/2026\/03\/Logo-CAR-1536x1148.jpg 1536w, https:\/\/zurichmaratobarcelona.es\/wp-content\/uploads\/2026\/03\/Logo-CAR.jpg 1583w\" sizes=\"(max-width: 800px) 100vw, 800px\" \/>\t\t\t\t\t\t\t\t<\/a>\n\t\t\t\t\t\t\t\t\t\t\t\t\t\t\t<\/div>\n\t\t\t\t<div class=\"elementor-element elementor-element-0f42be0 elementor-widget elementor-widget-image\" data-id=\"0f42be0\" data-element_type=\"widget\" data-e-type=\"widget\" data-widget_type=\"image.default\">\n\t\t\t\t\t\t\t\t\t\t\t\t\t\t\t\t<a href=\"https:\/\/forma21.com\/\" target=\"_blank\" rel=\"noopener\">\n\t\t\t\t\t\t\t<img loading=\"lazy\" decoding=\"async\" width=\"512\" height=\"356\" src=\"https:\/\/zurichmaratobarcelona.es\/wp-content\/uploads\/2026\/03\/FORMA-21-LOGO.png\" class=\"attachment-large size-large wp-image-16354\" alt=\"\" srcset=\"https:\/\/zurichmaratobarcelona.es\/wp-content\/uploads\/2026\/03\/FORMA-21-LOGO.png 512w, https:\/\/zurichmaratobarcelona.es\/wp-content\/uploads\/2026\/03\/FORMA-21-LOGO-300x209.png 300w\" sizes=\"(max-width: 512px) 100vw, 512px\" \/>\t\t\t\t\t\t\t\t<\/a>\n\t\t\t\t\t\t\t\t\t\t\t\t\t\t\t<\/div>\n\t\t\t\t<div class=\"elementor-element elementor-element-0138ca3 elementor-widget elementor-widget-image\" data-id=\"0138ca3\" data-element_type=\"widget\" data-e-type=\"widget\" data-widget_type=\"image.default\">\n\t\t\t\t\t\t\t\t\t\t\t\t\t\t\t\t<a href=\"https:\/\/www.blanquerna.edu\/es\" target=\"_blank\" rel=\"noopener\">\n\t\t\t\t\t\t\t<img loading=\"lazy\" decoding=\"async\" width=\"800\" height=\"266\" src=\"https:\/\/zurichmaratobarcelona.es\/wp-content\/uploads\/2026\/03\/BLANQUERNA-LOGO-1024x341.png\" class=\"attachment-large size-large wp-image-16356\" alt=\"\" srcset=\"https:\/\/zurichmaratobarcelona.es\/wp-content\/uploads\/2026\/03\/BLANQUERNA-LOGO-1024x341.png 1024w, https:\/\/zurichmaratobarcelona.es\/wp-content\/uploads\/2026\/03\/BLANQUERNA-LOGO-300x100.png 300w, https:\/\/zurichmaratobarcelona.es\/wp-content\/uploads\/2026\/03\/BLANQUERNA-LOGO-768x256.png 768w, https:\/\/zurichmaratobarcelona.es\/wp-content\/uploads\/2026\/03\/BLANQUERNA-LOGO-1536x512.png 1536w, https:\/\/zurichmaratobarcelona.es\/wp-content\/uploads\/2026\/03\/BLANQUERNA-LOGO-2048x682.png 2048w\" sizes=\"(max-width: 800px) 100vw, 800px\" \/>\t\t\t\t\t\t\t\t<\/a>\n\t\t\t\t\t\t\t\t\t\t\t\t\t\t\t<\/div>\n\t\t\t\t<\/div>\n\t\t\t\t<\/div>\n\t\t\t\t<\/div>\n\t\t\t\t<\/div>\n\t\t","protected":false},"excerpt":{"rendered":"<p>Sin ellos, la ZMB, no ser\u00eda posible Los voluntarios son la pieza clave de esta carrera. Gracias a ellos, podemos hacer posible una vez m\u00e1s, la Zurich Marat\u00f3 Barcelona. Ayudan mucho, y sobre todo, dedican toda su energ\u00eda a animar a los corredores. Queremos agradecer de antemano, a todos los voluntarios que el d\u00eda de [&hellip;]<\/p>\n","protected":false},"author":1,"featured_media":0,"parent":54,"menu_order":0,"comment_status":"closed","ping_status":"closed","template":"","meta":{"footnotes":""},"class_list":["post-61","page","type-page","status-publish","hentry"],"_links":{"self":[{"href":"https:\/\/zurichmaratobarcelona.es\/es\/wp-json\/wp\/v2\/pages\/61","targetHints":{"allow":["GET"]}}],"collection":[{"href":"https:\/\/zurichmaratobarcelona.es\/es\/wp-json\/wp\/v2\/pages"}],"about":[{"href":"https:\/\/zurichmaratobarcelona.es\/es\/wp-json\/wp\/v2\/types\/page"}],"author":[{"embeddable":true,"href":"https:\/\/zurichmaratobarcelona.es\/es\/wp-json\/wp\/v2\/users\/1"}],"replies":[{"embeddable":true,"href":"https:\/\/zurichmaratobarcelona.es\/es\/wp-json\/wp\/v2\/comments?post=61"}],"version-history":[{"count":30,"href":"https:\/\/zurichmaratobarcelona.es\/es\/wp-json\/wp\/v2\/pages\/61\/revisions"}],"predecessor-version":[{"id":16998,"href":"https:\/\/zurichmaratobarcelona.es\/es\/wp-json\/wp\/v2\/pages\/61\/revisions\/16998"}],"up":[{"embeddable":true,"href":"https:\/\/zurichmaratobarcelona.es\/es\/wp-json\/wp\/v2\/pages\/54"}],"wp:attachment":[{"href":"https:\/\/zurichmaratobarcelona.es\/es\/wp-json\/wp\/v2\/media?parent=61"}],"curies":[{"name":"wp","href":"https:\/\/api.w.org\/{rel}","templated":true}]}}