{"id":48,"date":"2025-10-27T22:26:59","date_gmt":"2025-10-27T21:26:59","guid":{"rendered":"https:\/\/www.mitjamarato.barcelona\/?page_id=48"},"modified":"2026-03-30T17:00:04","modified_gmt":"2026-03-30T15:00:04","slug":"servicios-adicionales","status":"publish","type":"page","link":"https:\/\/zurichmaratobarcelona.es\/es\/soy-corredor-a\/servicios-adicionales\/","title":{"rendered":"Servicios adicionales"},"content":{"rendered":"\t\t<div data-elementor-type=\"wp-page\" data-elementor-id=\"48\" class=\"elementor elementor-48\" data-elementor-post-type=\"page\">\n\t\t\t\t<div class=\"elementor-element elementor-element-b476344 e-con-full e-flex e-con e-parent\" data-id=\"b476344\" data-element_type=\"container\" data-e-type=\"container\" data-settings=\"{&quot;background_background&quot;:&quot;classic&quot;}\">\n\t\t<div class=\"elementor-element elementor-element-38ec00f e-con-full e-flex e-con e-child\" data-id=\"38ec00f\" data-element_type=\"container\" data-e-type=\"container\">\n\t\t\t\t<div class=\"elementor-element elementor-element-dab3f8a elementor-widget elementor-widget-heading\" data-id=\"dab3f8a\" data-element_type=\"widget\" data-e-type=\"widget\" data-widget_type=\"heading.default\">\n\t\t\t\t\t<h2 class=\"elementor-heading-title elementor-size-default\">Grabaci\u00f3n de Medalla<\/h2>\t\t\t\t<\/div>\n\t\t<div class=\"elementor-element elementor-element-853cc4c e-con-full e-flex e-con e-child\" data-id=\"853cc4c\" data-element_type=\"container\" data-e-type=\"container\">\n\t\t\t\t<div class=\"elementor-element elementor-element-afaa3b3 elementor-widget-divider--view-line elementor-widget elementor-widget-divider\" data-id=\"afaa3b3\" data-element_type=\"widget\" data-e-type=\"widget\" data-widget_type=\"divider.default\">\n\t\t\t\t\t\t\t<div class=\"elementor-divider\">\n\t\t\t<span class=\"elementor-divider-separator\">\n\t\t\t\t\t\t<\/span>\n\t\t<\/div>\n\t\t\t\t\t\t<\/div>\n\t\t\t\t<\/div>\n\t\t\t\t<div class=\"elementor-element elementor-element-f6ece3d elementor-widget elementor-widget-heading\" data-id=\"f6ece3d\" data-element_type=\"widget\" data-e-type=\"widget\" data-widget_type=\"heading.default\">\n\t\t\t\t\t<h2 class=\"elementor-heading-title elementor-size-default\">\u00bfC\u00f3mo puedes reservar este servicio?\n\n<\/h2>\t\t\t\t<\/div>\n\t\t\t\t<div class=\"elementor-element elementor-element-7b61fa0 elementor-widget elementor-widget-text-editor\" data-id=\"7b61fa0\" data-element_type=\"widget\" data-e-type=\"widget\" data-widget_type=\"text-editor.default\">\n\t\t\t\t\t\t\t\t\t<p>A trav\u00e9s del dorsal y el chip de cada participante, podemos ir obteniendo los tiempos de cada corredor a tiempo real, de manera que cuando terminen la carrera y una vez recibida la medalla, todo aquel participante que haya solicitado el servicio de grabaci\u00f3n, tendr\u00e1 que ense\u00f1ar su n\u00famero de dorsal con el distintivo de la medalla y te grabar\u00e1n su nombre y tu tiempo de la prueba.<\/p><p>*La empresa responsable de la grabaci\u00f3n, solo realizar\u00e1 el servicio de grabaci\u00f3n durante el transcurso de la carrera, es decir, el mismo d\u00eda de la prueba. Todos aquellos corredores que hayan comprado el servicio deben saber que no se realizar\u00e1n grabaciones despu\u00e9s del evento.<\/p><p>Puedes contratar el servicio a trav\u00e9s del\u00a0siguiente enlace, o en Expo Sports en el stand de &#8216;grabaci\u00f3n de medalla&#8217;.<\/p>\t\t\t\t\t\t\t\t<\/div>\n\t\t\t\t<\/div>\n\t\t<div class=\"elementor-element elementor-element-02b8e40 e-con-full e-flex e-con e-child\" data-id=\"02b8e40\" data-element_type=\"container\" data-e-type=\"container\" data-settings=\"{&quot;background_background&quot;:&quot;classic&quot;,&quot;background_motion_fx_motion_fx_scrolling&quot;:&quot;yes&quot;,&quot;background_motion_fx_translateY_effect&quot;:&quot;yes&quot;,&quot;background_motion_fx_translateY_speed&quot;:{&quot;unit&quot;:&quot;px&quot;,&quot;size&quot;:2,&quot;sizes&quot;:[]},&quot;background_motion_fx_translateY_affectedRange&quot;:{&quot;unit&quot;:&quot;%&quot;,&quot;size&quot;:&quot;&quot;,&quot;sizes&quot;:{&quot;start&quot;:0,&quot;end&quot;:100}},&quot;background_motion_fx_devices&quot;:[&quot;desktop&quot;,&quot;laptop&quot;,&quot;tablet&quot;,&quot;mobile&quot;]}\">\n\t\t\t\t<div class=\"elementor-element elementor-element-cf9473b elementor-widget elementor-widget-heading\" data-id=\"cf9473b\" data-element_type=\"widget\" data-e-type=\"widget\" data-widget_type=\"heading.default\">\n\t\t\t\t\t<p class=\"elementor-heading-title elementor-size-default\">Un recuerdo para toda la vida.\n\n<\/p>\t\t\t\t<\/div>\n\t\t\t\t<\/div>\n\t\t\t\t<\/div>\n\t\t<div class=\"elementor-element elementor-element-b303544 e-con-full e-flex e-con e-parent\" data-id=\"b303544\" data-element_type=\"container\" data-e-type=\"container\" data-settings=\"{&quot;background_background&quot;:&quot;classic&quot;}\">\n\t\t<div class=\"elementor-element elementor-element-a0c403d e-con-full e-flex e-con e-child\" data-id=\"a0c403d\" data-element_type=\"container\" data-e-type=\"container\" data-settings=\"{&quot;background_background&quot;:&quot;classic&quot;,&quot;background_motion_fx_motion_fx_scrolling&quot;:&quot;yes&quot;,&quot;background_motion_fx_translateY_effect&quot;:&quot;yes&quot;,&quot;background_motion_fx_translateY_speed&quot;:{&quot;unit&quot;:&quot;px&quot;,&quot;size&quot;:2,&quot;sizes&quot;:[]},&quot;background_motion_fx_translateY_affectedRange&quot;:{&quot;unit&quot;:&quot;%&quot;,&quot;size&quot;:&quot;&quot;,&quot;sizes&quot;:{&quot;start&quot;:0,&quot;end&quot;:100}},&quot;background_motion_fx_devices&quot;:[&quot;desktop&quot;,&quot;laptop&quot;,&quot;tablet&quot;,&quot;mobile&quot;]}\">\n\t\t\t\t<div class=\"elementor-element elementor-element-5f7e8aa elementor-widget elementor-widget-heading\" data-id=\"5f7e8aa\" data-element_type=\"widget\" data-e-type=\"widget\" data-widget_type=\"heading.default\">\n\t\t\t\t\t<p class=\"elementor-heading-title elementor-size-default\">Ll\u00e9vate un momento inolvidable\n\n\n<\/p>\t\t\t\t<\/div>\n\t\t\t\t<\/div>\n\t\t<div class=\"elementor-element elementor-element-47f604b e-con-full e-flex e-con e-child\" data-id=\"47f604b\" data-element_type=\"container\" data-e-type=\"container\">\n\t\t\t\t<div class=\"elementor-element elementor-element-235a090 elementor-widget elementor-widget-heading\" data-id=\"235a090\" data-element_type=\"widget\" data-e-type=\"widget\" data-widget_type=\"heading.default\">\n\t\t\t\t\t<h2 class=\"elementor-heading-title elementor-size-default\">Pack fotos\n<\/h2>\t\t\t\t<\/div>\n\t\t<div class=\"elementor-element elementor-element-0c9bfcd e-con-full e-flex e-con e-child\" data-id=\"0c9bfcd\" data-element_type=\"container\" data-e-type=\"container\">\n\t\t\t\t<div class=\"elementor-element elementor-element-3125aa3 elementor-widget-divider--view-line elementor-widget elementor-widget-divider\" data-id=\"3125aa3\" data-element_type=\"widget\" data-e-type=\"widget\" data-widget_type=\"divider.default\">\n\t\t\t\t\t\t\t<div class=\"elementor-divider\">\n\t\t\t<span class=\"elementor-divider-separator\">\n\t\t\t\t\t\t<\/span>\n\t\t<\/div>\n\t\t\t\t\t\t<\/div>\n\t\t\t\t<\/div>\n\t\t\t\t<div class=\"elementor-element elementor-element-c6d679f elementor-widget elementor-widget-heading\" data-id=\"c6d679f\" data-element_type=\"widget\" data-e-type=\"widget\" data-widget_type=\"heading.default\">\n\t\t\t\t\t<h2 class=\"elementor-heading-title elementor-size-default\">\u00bfQuieres recordar la Zurich Marat\u00f3 Barcelona 2027 para siempre?\n\n<\/h2>\t\t\t\t<\/div>\n\t\t\t\t<div class=\"elementor-element elementor-element-e3281e2 elementor-widget elementor-widget-text-editor\" data-id=\"e3281e2\" data-element_type=\"widget\" data-e-type=\"widget\" data-widget_type=\"text-editor.default\">\n\t\t\t\t\t\t\t\t\t<p>Im\u00e1genes profesionales desde distintos puntos emblem\u00e1ticos del circuito, acabando en la l\u00ednea de meta.<\/p><p>Si compras el pack de fotos, podr\u00e1s obtener todas tus fotos originales de la Zurich Marat\u00f3 Barcelona.<\/p><p>Puedes reservar tu pack de fotograf\u00edas a trav\u00e9s del\u00a0siguiente enlace, a un precio reducido, cuando abramos inscripciones.<\/p><p>Si tienes alguna duda, puedes contactar con Marathon-Photos en el siguiente email:\u00a0<a title=\"mailto:enquiries@marathonphotos.com\" href=\"mailto:enquiries@marathonphotos.com\" data-linkindex=\"0\" data-olk-copy-source=\"MessageBody\">enquiries@marathonphotos.com<\/a><\/p>\t\t\t\t\t\t\t\t<\/div>\n\t\t\t\t<\/div>\n\t\t\t\t<\/div>\n\t\t\t\t<\/div>\n\t\t","protected":false},"excerpt":{"rendered":"<p>Grabaci\u00f3n de Medalla \u00bfC\u00f3mo puedes reservar este servicio? A trav\u00e9s del dorsal y el chip de cada participante, podemos ir obteniendo los tiempos de cada corredor a tiempo real, de manera que cuando terminen la carrera y una vez recibida la medalla, todo aquel participante que haya solicitado el servicio de grabaci\u00f3n, tendr\u00e1 que ense\u00f1ar [&hellip;]<\/p>\n","protected":false},"author":1,"featured_media":0,"parent":34,"menu_order":0,"comment_status":"closed","ping_status":"closed","template":"","meta":{"footnotes":""},"class_list":["post-48","page","type-page","status-publish","hentry"],"_links":{"self":[{"href":"https:\/\/zurichmaratobarcelona.es\/es\/wp-json\/wp\/v2\/pages\/48","targetHints":{"allow":["GET"]}}],"collection":[{"href":"https:\/\/zurichmaratobarcelona.es\/es\/wp-json\/wp\/v2\/pages"}],"about":[{"href":"https:\/\/zurichmaratobarcelona.es\/es\/wp-json\/wp\/v2\/types\/page"}],"author":[{"embeddable":true,"href":"https:\/\/zurichmaratobarcelona.es\/es\/wp-json\/wp\/v2\/users\/1"}],"replies":[{"embeddable":true,"href":"https:\/\/zurichmaratobarcelona.es\/es\/wp-json\/wp\/v2\/comments?post=48"}],"version-history":[{"count":36,"href":"https:\/\/zurichmaratobarcelona.es\/es\/wp-json\/wp\/v2\/pages\/48\/revisions"}],"predecessor-version":[{"id":17645,"href":"https:\/\/zurichmaratobarcelona.es\/es\/wp-json\/wp\/v2\/pages\/48\/revisions\/17645"}],"up":[{"embeddable":true,"href":"https:\/\/zurichmaratobarcelona.es\/es\/wp-json\/wp\/v2\/pages\/34"}],"wp:attachment":[{"href":"https:\/\/zurichmaratobarcelona.es\/es\/wp-json\/wp\/v2\/media?parent=48"}],"curies":[{"name":"wp","href":"https:\/\/api.w.org\/{rel}","templated":true}]}}