{"id":316,"date":"2025-10-29T11:49:27","date_gmt":"2025-10-29T10:49:27","guid":{"rendered":"https:\/\/www.mitjamarato.barcelona\/?page_id=316"},"modified":"2026-03-26T17:01:46","modified_gmt":"2026-03-26T16:01:46","slug":"hotspots","status":"publish","type":"page","link":"https:\/\/zurichmaratobarcelona.es\/es\/hotspots\/","title":{"rendered":"Hotspots"},"content":{"rendered":"\t\t<div data-elementor-type=\"wp-page\" data-elementor-id=\"316\" class=\"elementor elementor-316\" data-elementor-post-type=\"page\">\n\t\t\t\t<div class=\"elementor-element elementor-element-76179c8 e-flex e-con-boxed e-con e-parent\" data-id=\"76179c8\" data-element_type=\"container\" data-e-type=\"container\" data-settings=\"{&quot;background_background&quot;:&quot;classic&quot;,&quot;background_motion_fx_motion_fx_scrolling&quot;:&quot;yes&quot;,&quot;background_motion_fx_translateY_effect&quot;:&quot;yes&quot;,&quot;background_motion_fx_translateY_speed&quot;:{&quot;unit&quot;:&quot;px&quot;,&quot;size&quot;:2,&quot;sizes&quot;:[]},&quot;background_motion_fx_translateY_affectedRange&quot;:{&quot;unit&quot;:&quot;%&quot;,&quot;size&quot;:&quot;&quot;,&quot;sizes&quot;:{&quot;start&quot;:0,&quot;end&quot;:100}},&quot;background_motion_fx_devices&quot;:[&quot;desktop&quot;,&quot;laptop&quot;,&quot;tablet&quot;,&quot;mobile&quot;]}\">\n\t\t\t\t\t<div class=\"e-con-inner\">\n\t\t\t\t\t<\/div>\n\t\t\t\t<\/div>\n\t\t<div class=\"elementor-element elementor-element-d714bac e-con-full e-flex e-con e-parent\" data-id=\"d714bac\" data-element_type=\"container\" data-e-type=\"container\" data-settings=\"{&quot;background_background&quot;:&quot;classic&quot;}\">\n\t\t<div class=\"elementor-element elementor-element-ee08f1d e-con-full e-flex e-con e-child\" data-id=\"ee08f1d\" data-element_type=\"container\" data-e-type=\"container\">\n\t\t\t\t<div class=\"elementor-element elementor-element-276cee3 elementor-widget elementor-widget-heading\" data-id=\"276cee3\" data-element_type=\"widget\" data-e-type=\"widget\" data-widget_type=\"heading.default\">\n\t\t\t\t\t<h1 class=\"elementor-heading-title elementor-size-default\">Hotspots<\/h1>\t\t\t\t<\/div>\n\t\t\t\t<div class=\"elementor-element elementor-element-80bc409 elementor-position-inline-start elementor-mobile-position-inline-start elementor-view-default elementor-widget elementor-widget-icon-box\" data-id=\"80bc409\" data-element_type=\"widget\" data-e-type=\"widget\" data-widget_type=\"icon-box.default\">\n\t\t\t\t\t\t\t<div class=\"elementor-icon-box-wrapper\">\n\n\t\t\t\t\t\t<div class=\"elementor-icon-box-icon\">\n\t\t\t\t<a href=\"https:\/\/maps.app.goo.gl\/qEPqNGe7Dfctejqa7\" target=\"_blank\" class=\"elementor-icon\" tabindex=\"-1\" aria-label=\"\u00bfQu\u00e9 es un hotspot?\" rel=\"noopener\">\n\t\t\t\t<svg aria-hidden=\"true\" class=\"e-font-icon-svg e-fas-fire-alt\" viewBox=\"0 0 448 512\" xmlns=\"http:\/\/www.w3.org\/2000\/svg\"><path d=\"M323.56 51.2c-20.8 19.3-39.58 39.59-56.22 59.97C240.08 73.62 206.28 35.53 168 0 69.74 91.17 0 209.96 0 281.6 0 408.85 100.29 512 224 512s224-103.15 224-230.4c0-53.27-51.98-163.14-124.44-230.4zm-19.47 340.65C282.43 407.01 255.72 416 226.86 416 154.71 416 96 368.26 96 290.75c0-38.61 24.31-72.63 72.79-130.75 6.93 7.98 98.83 125.34 98.83 125.34l58.63-66.88c4.14 6.85 7.91 13.55 11.27 19.97 27.35 52.19 15.81 118.97-33.43 153.42z\"><\/path><\/svg>\t\t\t\t<\/a>\n\t\t\t<\/div>\n\t\t\t\n\t\t\t\t\t\t<div class=\"elementor-icon-box-content\">\n\n\t\t\t\t\t\t\t\t\t<h2 class=\"elementor-icon-box-title\">\n\t\t\t\t\t\t<a href=\"https:\/\/maps.app.goo.gl\/qEPqNGe7Dfctejqa7\" target=\"_blank\" rel=\"noopener\">\n\t\t\t\t\t\t\t\u00bfQu\u00e9 es un hotspot?\t\t\t\t\t\t<\/a>\n\t\t\t\t\t<\/h2>\n\t\t\t\t\n\t\t\t\t\t\t\t\t\t<p class=\"elementor-icon-box-description\">\n\t\t\t\t\t\tLa mejor excusa para apoyar y disfrutar del espect\u00e1culo de la Zurich Marat\u00f3 Barcelona.\t\t\t\t\t<\/p>\n\t\t\t\t\n\t\t\t<\/div>\n\t\t\t\n\t\t<\/div>\n\t\t\t\t\t\t<\/div>\n\t\t<div class=\"elementor-element elementor-element-d540eee e-con-full e-flex e-con e-child\" data-id=\"d540eee\" data-element_type=\"container\" data-e-type=\"container\">\n\t\t\t\t<div class=\"elementor-element elementor-element-717b9e4 elementor-widget-divider--view-line elementor-widget elementor-widget-divider\" data-id=\"717b9e4\" data-element_type=\"widget\" data-e-type=\"widget\" data-widget_type=\"divider.default\">\n\t\t\t\t\t\t\t<div class=\"elementor-divider\">\n\t\t\t<span class=\"elementor-divider-separator\">\n\t\t\t\t\t\t<\/span>\n\t\t<\/div>\n\t\t\t\t\t\t<\/div>\n\t\t\t\t<div class=\"elementor-element elementor-element-a27f6ca elementor-widget elementor-widget-text-editor\" data-id=\"a27f6ca\" data-element_type=\"widget\" data-e-type=\"widget\" data-widget_type=\"text-editor.default\">\n\t\t\t\t\t\t\t\t\t<p>Sabemos que un marat\u00f3n trasciende el simple recorrido y los corredores, se expande incluso m\u00e1s all\u00e1 de los l\u00edmites de la ciudad.<\/p><p>Queremos \u201ca\u00f1adir un toque especial\u201d a este evento. Queremos invitar\u00a0<strong>a todos a sumarse.<\/strong><\/p><p>Queremos animar la llama de la Marat\u00f3n haciendo que cada punto de animaci\u00f3n sea un Hot Spot, un punto inolvidable para nuestros corredores y corredoras.<\/p>\t\t\t\t\t\t\t\t<\/div>\n\t\t\t\t<\/div>\n\t\t<div class=\"elementor-element elementor-element-8d0871d e-con-full e-flex e-con e-child\" data-id=\"8d0871d\" data-element_type=\"container\" data-e-type=\"container\">\n\t\t\t\t<div class=\"elementor-element elementor-element-233b9d7 elementor-widget-divider--view-line elementor-widget elementor-widget-divider\" data-id=\"233b9d7\" data-element_type=\"widget\" data-e-type=\"widget\" data-widget_type=\"divider.default\">\n\t\t\t\t\t\t\t<div class=\"elementor-divider\">\n\t\t\t<span class=\"elementor-divider-separator\">\n\t\t\t\t\t\t<\/span>\n\t\t<\/div>\n\t\t\t\t\t\t<\/div>\n\t\t\t\t<div class=\"elementor-element elementor-element-86a8842 elementor-widget elementor-widget-text-editor\" data-id=\"86a8842\" data-element_type=\"widget\" data-e-type=\"widget\" data-widget_type=\"text-editor.default\">\n\t\t\t\t\t\t\t\t\t<p>Ahora, animar tiene premio.<br \/>Tenemos la mejor ciudad y los mejores animando.<\/p>\t\t\t\t\t\t\t\t<\/div>\n\t\t\t\t<\/div>\n\t\t<div class=\"elementor-element elementor-element-7dae73b e-con-full e-flex e-con e-child\" data-id=\"7dae73b\" data-element_type=\"container\" data-e-type=\"container\">\n\t\t\t\t<div class=\"elementor-element elementor-element-d2c5245 elementor-widget-divider--view-line elementor-widget elementor-widget-divider\" data-id=\"d2c5245\" data-element_type=\"widget\" data-e-type=\"widget\" data-widget_type=\"divider.default\">\n\t\t\t\t\t\t\t<div class=\"elementor-divider\">\n\t\t\t<span class=\"elementor-divider-separator\">\n\t\t\t\t\t\t<\/span>\n\t\t<\/div>\n\t\t\t\t\t\t<\/div>\n\t\t\t\t<div class=\"elementor-element elementor-element-007319e elementor-widget elementor-widget-heading\" data-id=\"007319e\" data-element_type=\"widget\" data-e-type=\"widget\" data-widget_type=\"heading.default\">\n\t\t\t\t\t<h3 class=\"elementor-heading-title elementor-size-default\">\u00bfTe gustar\u00eda ser parte de ese empuje final que ayuda a los corredores a cruzar esa l\u00ednea de meta tan ansiada en la pr\u00f3xima edici\u00f3n 2027?<\/h3>\t\t\t\t<\/div>\n\t\t\t\t<\/div>\n\t\t<div class=\"elementor-element elementor-element-cbdc5b6 e-con-full e-flex e-con e-child\" data-id=\"cbdc5b6\" data-element_type=\"container\" data-e-type=\"container\">\n\t\t\t\t<div class=\"elementor-element elementor-element-af564d5 elementor-align-center elementor-widget__width-inherit elementor-widget elementor-widget-button\" data-id=\"af564d5\" data-element_type=\"widget\" data-e-type=\"widget\" data-widget_type=\"button.default\">\n\t\t\t\t\t\t\t\t\t\t<a class=\"elementor-button elementor-button-link elementor-size-sm\" href=\"https:\/\/rpmsports.typeform.com\/to\/F6IvOcVa\" target=\"_blank\" rel=\"noopener\">\n\t\t\t\t\t\t<span class=\"elementor-button-content-wrapper\">\n\t\t\t\t\t\t<span class=\"elementor-button-icon\">\n\t\t\t\t<svg aria-hidden=\"true\" class=\"e-font-icon-svg e-fas-fire-alt\" viewBox=\"0 0 448 512\" xmlns=\"http:\/\/www.w3.org\/2000\/svg\"><path d=\"M323.56 51.2c-20.8 19.3-39.58 39.59-56.22 59.97C240.08 73.62 206.28 35.53 168 0 69.74 91.17 0 209.96 0 281.6 0 408.85 100.29 512 224 512s224-103.15 224-230.4c0-53.27-51.98-163.14-124.44-230.4zm-19.47 340.65C282.43 407.01 255.72 416 226.86 416 154.71 416 96 368.26 96 290.75c0-38.61 24.31-72.63 72.79-130.75 6.93 7.98 98.83 125.34 98.83 125.34l58.63-66.88c4.14 6.85 7.91 13.55 11.27 19.97 27.35 52.19 15.81 118.97-33.43 153.42z\"><\/path><\/svg>\t\t\t<\/span>\n\t\t\t\t\t\t\t\t\t<span class=\"elementor-button-text\">\u00a1Inscr\u00edbete ya!<\/span>\n\t\t\t\t\t<\/span>\n\t\t\t\t\t<\/a>\n\t\t\t\t\t\t\t\t<\/div>\n\t\t\t\t<\/div>\n\t\t\t\t<\/div>\n\t\t<div class=\"elementor-element elementor-element-8f441a4 e-con-full e-flex e-con e-child\" data-id=\"8f441a4\" data-element_type=\"container\" data-e-type=\"container\">\n\t\t\t\t<div class=\"elementor-element elementor-element-b4bf2ab elementor-widget elementor-widget-image\" data-id=\"b4bf2ab\" data-element_type=\"widget\" data-e-type=\"widget\" data-widget_type=\"image.default\">\n\t\t\t\t\t\t\t\t\t\t\t\t\t\t\t<img fetchpriority=\"high\" decoding=\"async\" width=\"800\" height=\"802\" src=\"https:\/\/zurichmaratobarcelona.es\/wp-content\/uploads\/2026\/03\/HOTspots-2-scaled-2-1-1021x1024.webp\" class=\"attachment-large size-large wp-image-15527\" alt=\"\" srcset=\"https:\/\/zurichmaratobarcelona.es\/wp-content\/uploads\/2026\/03\/HOTspots-2-scaled-2-1-1021x1024.webp 1021w, https:\/\/zurichmaratobarcelona.es\/wp-content\/uploads\/2026\/03\/HOTspots-2-scaled-2-1-300x300.webp 300w, https:\/\/zurichmaratobarcelona.es\/wp-content\/uploads\/2026\/03\/HOTspots-2-scaled-2-1-150x150.webp 150w, https:\/\/zurichmaratobarcelona.es\/wp-content\/uploads\/2026\/03\/HOTspots-2-scaled-2-1-768x770.webp 768w, https:\/\/zurichmaratobarcelona.es\/wp-content\/uploads\/2026\/03\/HOTspots-2-scaled-2-1-1531x1536.webp 1531w, https:\/\/zurichmaratobarcelona.es\/wp-content\/uploads\/2026\/03\/HOTspots-2-scaled-2-1-2042x2048.webp 2042w\" sizes=\"(max-width: 800px) 100vw, 800px\" \/>\t\t\t\t\t\t\t\t\t\t\t\t\t\t\t<\/div>\n\t\t\t\t<\/div>\n\t\t\t\t<\/div>\n\t\t<div class=\"elementor-element elementor-element-75f5ce1 e-flex e-con-boxed e-con e-parent\" data-id=\"75f5ce1\" data-element_type=\"container\" data-e-type=\"container\">\n\t\t\t\t\t<div class=\"e-con-inner\">\n\t\t\t\t<div class=\"elementor-element elementor-element-62cf173 elementor-widget elementor-widget-gallery\" data-id=\"62cf173\" data-element_type=\"widget\" data-e-type=\"widget\" data-settings=\"{&quot;columns&quot;:2,&quot;gap&quot;:{&quot;unit&quot;:&quot;px&quot;,&quot;size&quot;:0,&quot;sizes&quot;:[]},&quot;aspect_ratio&quot;:&quot;1:1&quot;,&quot;lazyload&quot;:&quot;yes&quot;,&quot;gallery_layout&quot;:&quot;grid&quot;,&quot;columns_tablet&quot;:2,&quot;columns_mobile&quot;:1,&quot;gap_laptop&quot;:{&quot;unit&quot;:&quot;px&quot;,&quot;size&quot;:10,&quot;sizes&quot;:[]},&quot;gap_tablet&quot;:{&quot;unit&quot;:&quot;px&quot;,&quot;size&quot;:10,&quot;sizes&quot;:[]},&quot;gap_mobile&quot;:{&quot;unit&quot;:&quot;px&quot;,&quot;size&quot;:10,&quot;sizes&quot;:[]},&quot;link_to&quot;:&quot;file&quot;,&quot;overlay_background&quot;:&quot;yes&quot;,&quot;content_hover_animation&quot;:&quot;fade-in&quot;}\" data-widget_type=\"gallery.default\">\n\t\t\t\t\t\t\t<div class=\"elementor-gallery__container\">\n\t\t\t\t\t\t\t<a class=\"e-gallery-item elementor-gallery-item elementor-animated-content\" href=\"https:\/\/zurichmaratobarcelona.es\/wp-content\/uploads\/2026\/03\/@fotorunners.es-MARATON-BARCELONA-2026-EDITADAS-119286-scaled.jpg\" data-elementor-open-lightbox=\"yes\" data-elementor-lightbox-slideshow=\"62cf173\" data-e-action-hash=\"#elementor-action%3Aaction%3Dlightbox%26settings%3DeyJpZCI6MTY5NDMsInVybCI6Imh0dHBzOlwvXC96dXJpY2htYXJhdG9iYXJjZWxvbmEuZXNcL3dwLWNvbnRlbnRcL3VwbG9hZHNcLzIwMjZcLzAzXC9AZm90b3J1bm5lcnMuZXMtTUFSQVRPTi1CQVJDRUxPTkEtMjAyNi1FRElUQURBUy0xMTkyODYtc2NhbGVkLmpwZyIsInNsaWRlc2hvdyI6IjYyY2YxNzMifQ%3D%3D\">\n\t\t\t\t\t<div class=\"e-gallery-image elementor-gallery-item__image\" data-thumbnail=\"https:\/\/zurichmaratobarcelona.es\/wp-content\/uploads\/2026\/03\/@fotorunners.es-MARATON-BARCELONA-2026-EDITADAS-119286-1024x683.jpg\" data-width=\"800\" data-height=\"534\" aria-label=\"\" role=\"img\" ><\/div>\n\t\t\t\t\t\t\t\t\t\t\t<div class=\"elementor-gallery-item__overlay\"><\/div>\n\t\t\t\t\t\t\t\t\t\t\t\t\t\t<\/a>\n\t\t\t\t\t\t\t<a class=\"e-gallery-item elementor-gallery-item elementor-animated-content\" href=\"https:\/\/zurichmaratobarcelona.es\/wp-content\/uploads\/2026\/03\/@fotorunners.es-MARATON-BARCELONA-2026-EDITADAS-120237-scaled.jpg\" data-elementor-open-lightbox=\"yes\" data-elementor-lightbox-slideshow=\"62cf173\" data-e-action-hash=\"#elementor-action%3Aaction%3Dlightbox%26settings%3DeyJpZCI6MTY5NDQsInVybCI6Imh0dHBzOlwvXC96dXJpY2htYXJhdG9iYXJjZWxvbmEuZXNcL3dwLWNvbnRlbnRcL3VwbG9hZHNcLzIwMjZcLzAzXC9AZm90b3J1bm5lcnMuZXMtTUFSQVRPTi1CQVJDRUxPTkEtMjAyNi1FRElUQURBUy0xMjAyMzctc2NhbGVkLmpwZyIsInNsaWRlc2hvdyI6IjYyY2YxNzMifQ%3D%3D\">\n\t\t\t\t\t<div class=\"e-gallery-image elementor-gallery-item__image\" data-thumbnail=\"https:\/\/zurichmaratobarcelona.es\/wp-content\/uploads\/2026\/03\/@fotorunners.es-MARATON-BARCELONA-2026-EDITADAS-120237-1024x683.jpg\" data-width=\"800\" data-height=\"534\" aria-label=\"\" role=\"img\" ><\/div>\n\t\t\t\t\t\t\t\t\t\t\t<div class=\"elementor-gallery-item__overlay\"><\/div>\n\t\t\t\t\t\t\t\t\t\t\t\t\t\t<\/a>\n\t\t\t\t\t\t\t<a class=\"e-gallery-item elementor-gallery-item elementor-animated-content\" href=\"https:\/\/zurichmaratobarcelona.es\/wp-content\/uploads\/2026\/03\/@fotorunners.es-MARATON-BARCELONA-2026-EDITADAS-119321-1-scaled.jpg\" data-elementor-open-lightbox=\"yes\" data-elementor-lightbox-slideshow=\"62cf173\" data-e-action-hash=\"#elementor-action%3Aaction%3Dlightbox%26settings%3DeyJpZCI6MTY5NDUsInVybCI6Imh0dHBzOlwvXC96dXJpY2htYXJhdG9iYXJjZWxvbmEuZXNcL3dwLWNvbnRlbnRcL3VwbG9hZHNcLzIwMjZcLzAzXC9AZm90b3J1bm5lcnMuZXMtTUFSQVRPTi1CQVJDRUxPTkEtMjAyNi1FRElUQURBUy0xMTkzMjEtMS1zY2FsZWQuanBnIiwic2xpZGVzaG93IjoiNjJjZjE3MyJ9\">\n\t\t\t\t\t<div class=\"e-gallery-image elementor-gallery-item__image\" data-thumbnail=\"https:\/\/zurichmaratobarcelona.es\/wp-content\/uploads\/2026\/03\/@fotorunners.es-MARATON-BARCELONA-2026-EDITADAS-119321-1-1024x683.jpg\" data-width=\"800\" data-height=\"534\" aria-label=\"\" role=\"img\" ><\/div>\n\t\t\t\t\t\t\t\t\t\t\t<div class=\"elementor-gallery-item__overlay\"><\/div>\n\t\t\t\t\t\t\t\t\t\t\t\t\t\t<\/a>\n\t\t\t\t\t\t\t<a class=\"e-gallery-item elementor-gallery-item elementor-animated-content\" href=\"https:\/\/zurichmaratobarcelona.es\/wp-content\/uploads\/2025\/11\/hotspot4-640x640-1.png\" data-elementor-open-lightbox=\"yes\" data-elementor-lightbox-slideshow=\"62cf173\" data-e-action-hash=\"#elementor-action%3Aaction%3Dlightbox%26settings%3DeyJpZCI6MTM3MzUsInVybCI6Imh0dHBzOlwvXC96dXJpY2htYXJhdG9iYXJjZWxvbmEuZXNcL3dwLWNvbnRlbnRcL3VwbG9hZHNcLzIwMjVcLzExXC9ob3RzcG90NC02NDB4NjQwLTEucG5nIiwic2xpZGVzaG93IjoiNjJjZjE3MyJ9\">\n\t\t\t\t\t<div class=\"e-gallery-image elementor-gallery-item__image\" data-thumbnail=\"https:\/\/zurichmaratobarcelona.es\/wp-content\/uploads\/2025\/11\/hotspot4-640x640-1.png\" data-width=\"640\" data-height=\"640\" aria-label=\"\" role=\"img\" ><\/div>\n\t\t\t\t\t\t\t\t\t\t\t<div class=\"elementor-gallery-item__overlay\"><\/div>\n\t\t\t\t\t\t\t\t\t\t\t\t\t\t<\/a>\n\t\t\t\t\t\t\t<a class=\"e-gallery-item elementor-gallery-item elementor-animated-content\" href=\"https:\/\/zurichmaratobarcelona.es\/wp-content\/uploads\/2025\/11\/GOSPEL2-640x640-1.jpg\" data-elementor-open-lightbox=\"yes\" data-elementor-lightbox-slideshow=\"62cf173\" data-e-action-hash=\"#elementor-action%3Aaction%3Dlightbox%26settings%3DeyJpZCI6MTM3MzgsInVybCI6Imh0dHBzOlwvXC96dXJpY2htYXJhdG9iYXJjZWxvbmEuZXNcL3dwLWNvbnRlbnRcL3VwbG9hZHNcLzIwMjVcLzExXC9HT1NQRUwyLTY0MHg2NDAtMS5qcGciLCJzbGlkZXNob3ciOiI2MmNmMTczIn0%3D\">\n\t\t\t\t\t<div class=\"e-gallery-image elementor-gallery-item__image\" data-thumbnail=\"https:\/\/zurichmaratobarcelona.es\/wp-content\/uploads\/2025\/11\/GOSPEL2-640x640-1.jpg\" data-width=\"640\" data-height=\"640\" aria-label=\"\" role=\"img\" ><\/div>\n\t\t\t\t\t\t\t\t\t\t\t<div class=\"elementor-gallery-item__overlay\"><\/div>\n\t\t\t\t\t\t\t\t\t\t\t\t\t\t<\/a>\n\t\t\t\t\t\t\t<a class=\"e-gallery-item elementor-gallery-item elementor-animated-content\" href=\"https:\/\/zurichmaratobarcelona.es\/wp-content\/uploads\/2026\/03\/@fotorunners.es-MARATON-BARCELONA-2026-EDITADAS-119996-scaled.jpg\" data-elementor-open-lightbox=\"yes\" data-elementor-lightbox-slideshow=\"62cf173\" data-e-action-hash=\"#elementor-action%3Aaction%3Dlightbox%26settings%3DeyJpZCI6MTY5NDcsInVybCI6Imh0dHBzOlwvXC96dXJpY2htYXJhdG9iYXJjZWxvbmEuZXNcL3dwLWNvbnRlbnRcL3VwbG9hZHNcLzIwMjZcLzAzXC9AZm90b3J1bm5lcnMuZXMtTUFSQVRPTi1CQVJDRUxPTkEtMjAyNi1FRElUQURBUy0xMTk5OTYtc2NhbGVkLmpwZyIsInNsaWRlc2hvdyI6IjYyY2YxNzMifQ%3D%3D\">\n\t\t\t\t\t<div class=\"e-gallery-image elementor-gallery-item__image\" data-thumbnail=\"https:\/\/zurichmaratobarcelona.es\/wp-content\/uploads\/2026\/03\/@fotorunners.es-MARATON-BARCELONA-2026-EDITADAS-119996-1024x683.jpg\" data-width=\"800\" data-height=\"534\" aria-label=\"\" role=\"img\" ><\/div>\n\t\t\t\t\t\t\t\t\t\t\t<div class=\"elementor-gallery-item__overlay\"><\/div>\n\t\t\t\t\t\t\t\t\t\t\t\t\t\t<\/a>\n\t\t\t\t\t\t\t<a class=\"e-gallery-item elementor-gallery-item elementor-animated-content\" href=\"https:\/\/zurichmaratobarcelona.es\/wp-content\/uploads\/2026\/03\/@fotorunners.es-MARATON-BARCELONA-2026-EDITADAS-120145-scaled.jpg\" data-elementor-open-lightbox=\"yes\" data-elementor-lightbox-slideshow=\"62cf173\" data-e-action-hash=\"#elementor-action%3Aaction%3Dlightbox%26settings%3DeyJpZCI6MTY5NDgsInVybCI6Imh0dHBzOlwvXC96dXJpY2htYXJhdG9iYXJjZWxvbmEuZXNcL3dwLWNvbnRlbnRcL3VwbG9hZHNcLzIwMjZcLzAzXC9AZm90b3J1bm5lcnMuZXMtTUFSQVRPTi1CQVJDRUxPTkEtMjAyNi1FRElUQURBUy0xMjAxNDUtc2NhbGVkLmpwZyIsInNsaWRlc2hvdyI6IjYyY2YxNzMifQ%3D%3D\">\n\t\t\t\t\t<div class=\"e-gallery-image elementor-gallery-item__image\" data-thumbnail=\"https:\/\/zurichmaratobarcelona.es\/wp-content\/uploads\/2026\/03\/@fotorunners.es-MARATON-BARCELONA-2026-EDITADAS-120145-1024x683.jpg\" data-width=\"800\" data-height=\"534\" aria-label=\"\" role=\"img\" ><\/div>\n\t\t\t\t\t\t\t\t\t\t\t<div class=\"elementor-gallery-item__overlay\"><\/div>\n\t\t\t\t\t\t\t\t\t\t\t\t\t\t<\/a>\n\t\t\t\t\t\t\t<a class=\"e-gallery-item elementor-gallery-item elementor-animated-content\" href=\"https:\/\/zurichmaratobarcelona.es\/wp-content\/uploads\/2026\/03\/@fotorunners.es-MARATON-BARCELONA-2026-EDITADAS-119402-scaled.jpg\" data-elementor-open-lightbox=\"yes\" data-elementor-lightbox-slideshow=\"62cf173\" data-e-action-hash=\"#elementor-action%3Aaction%3Dlightbox%26settings%3DeyJpZCI6MTY5NDksInVybCI6Imh0dHBzOlwvXC96dXJpY2htYXJhdG9iYXJjZWxvbmEuZXNcL3dwLWNvbnRlbnRcL3VwbG9hZHNcLzIwMjZcLzAzXC9AZm90b3J1bm5lcnMuZXMtTUFSQVRPTi1CQVJDRUxPTkEtMjAyNi1FRElUQURBUy0xMTk0MDItc2NhbGVkLmpwZyIsInNsaWRlc2hvdyI6IjYyY2YxNzMifQ%3D%3D\">\n\t\t\t\t\t<div class=\"e-gallery-image elementor-gallery-item__image\" data-thumbnail=\"https:\/\/zurichmaratobarcelona.es\/wp-content\/uploads\/2026\/03\/@fotorunners.es-MARATON-BARCELONA-2026-EDITADAS-119402-1024x683.jpg\" data-width=\"800\" data-height=\"534\" aria-label=\"\" role=\"img\" ><\/div>\n\t\t\t\t\t\t\t\t\t\t\t<div class=\"elementor-gallery-item__overlay\"><\/div>\n\t\t\t\t\t\t\t\t\t\t\t\t\t\t<\/a>\n\t\t\t\t\t\t\t<a class=\"e-gallery-item elementor-gallery-item elementor-animated-content\" href=\"https:\/\/zurichmaratobarcelona.es\/wp-content\/uploads\/2026\/03\/@fotorunners.es-MARATON-BARCELONA-2026-EDITADAS-119353-scaled.jpg\" data-elementor-open-lightbox=\"yes\" data-elementor-lightbox-slideshow=\"62cf173\" data-e-action-hash=\"#elementor-action%3Aaction%3Dlightbox%26settings%3DeyJpZCI6MTY5NTAsInVybCI6Imh0dHBzOlwvXC96dXJpY2htYXJhdG9iYXJjZWxvbmEuZXNcL3dwLWNvbnRlbnRcL3VwbG9hZHNcLzIwMjZcLzAzXC9AZm90b3J1bm5lcnMuZXMtTUFSQVRPTi1CQVJDRUxPTkEtMjAyNi1FRElUQURBUy0xMTkzNTMtc2NhbGVkLmpwZyIsInNsaWRlc2hvdyI6IjYyY2YxNzMifQ%3D%3D\">\n\t\t\t\t\t<div class=\"e-gallery-image elementor-gallery-item__image\" data-thumbnail=\"https:\/\/zurichmaratobarcelona.es\/wp-content\/uploads\/2026\/03\/@fotorunners.es-MARATON-BARCELONA-2026-EDITADAS-119353-1024x683.jpg\" data-width=\"800\" data-height=\"534\" aria-label=\"\" role=\"img\" ><\/div>\n\t\t\t\t\t\t\t\t\t\t\t<div class=\"elementor-gallery-item__overlay\"><\/div>\n\t\t\t\t\t\t\t\t\t\t\t\t\t\t<\/a>\n\t\t\t\t\t<\/div>\n\t\t\t\t\t<\/div>\n\t\t\t\t\t<\/div>\n\t\t\t\t<\/div>\n\t\t\t\t<\/div>\n\t\t","protected":false},"excerpt":{"rendered":"<p>\u00bfQu\u00e9 es un hotspot? La mejor excusa para apoyar y disfrutar del espect\u00e1culo de la Zurich Marat\u00f3 Barcelona. Sabemos que un marat\u00f3n trasciende el simple recorrido y los corredores, se expande incluso m\u00e1s all\u00e1 de los l\u00edmites de la ciudad. Queremos \u201ca\u00f1adir un toque especial\u201d a este evento. Queremos invitar\u00a0a todos a sumarse. Queremos animar [&hellip;]<\/p>\n","protected":false},"author":1,"featured_media":0,"parent":0,"menu_order":0,"comment_status":"closed","ping_status":"closed","template":"","meta":{"footnotes":""},"class_list":["post-316","page","type-page","status-publish","hentry"],"_links":{"self":[{"href":"https:\/\/zurichmaratobarcelona.es\/es\/wp-json\/wp\/v2\/pages\/316","targetHints":{"allow":["GET"]}}],"collection":[{"href":"https:\/\/zurichmaratobarcelona.es\/es\/wp-json\/wp\/v2\/pages"}],"about":[{"href":"https:\/\/zurichmaratobarcelona.es\/es\/wp-json\/wp\/v2\/types\/page"}],"author":[{"embeddable":true,"href":"https:\/\/zurichmaratobarcelona.es\/es\/wp-json\/wp\/v2\/users\/1"}],"replies":[{"embeddable":true,"href":"https:\/\/zurichmaratobarcelona.es\/es\/wp-json\/wp\/v2\/comments?post=316"}],"version-history":[{"count":30,"href":"https:\/\/zurichmaratobarcelona.es\/es\/wp-json\/wp\/v2\/pages\/316\/revisions"}],"predecessor-version":[{"id":17572,"href":"https:\/\/zurichmaratobarcelona.es\/es\/wp-json\/wp\/v2\/pages\/316\/revisions\/17572"}],"wp:attachment":[{"href":"https:\/\/zurichmaratobarcelona.es\/es\/wp-json\/wp\/v2\/media?parent=316"}],"curies":[{"name":"wp","href":"https:\/\/api.w.org\/{rel}","templated":true}]}}