{"id":3,"date":"2025-10-23T09:20:10","date_gmt":"2025-10-23T07:20:10","guid":{"rendered":"https:\/\/www.mitjamarato.barcelona\/?page_id=3"},"modified":"2026-05-04T16:32:38","modified_gmt":"2026-05-04T14:32:38","slug":"politica-privacidad","status":"publish","type":"page","link":"https:\/\/zurichmaratobarcelona.es\/es\/politica-privacidad\/","title":{"rendered":"Pol\u00edtica de privacidad"},"content":{"rendered":"\t\t<div data-elementor-type=\"wp-page\" data-elementor-id=\"3\" class=\"elementor elementor-3\" data-elementor-post-type=\"page\">\n\t\t\t\t<div class=\"elementor-element elementor-element-08cc88a e-con-full e-flex e-con e-parent\" data-id=\"08cc88a\" data-element_type=\"container\" data-e-type=\"container\" data-settings=\"{&quot;background_background&quot;:&quot;classic&quot;}\">\n\t\t<div class=\"elementor-element elementor-element-255bada e-con-full e-flex e-con e-child\" data-id=\"255bada\" data-element_type=\"container\" data-e-type=\"container\">\n\t\t\t\t<div class=\"elementor-element elementor-element-e3f9358 elementor-widget elementor-widget-heading\" data-id=\"e3f9358\" data-element_type=\"widget\" data-e-type=\"widget\" data-widget_type=\"heading.default\">\n\t\t\t\t\t<h1 class=\"elementor-heading-title elementor-size-default\">Pol\u00edtica de privacidad<\/h1>\t\t\t\t<\/div>\n\t\t<div class=\"elementor-element elementor-element-6af4249 e-con-full e-flex e-con e-child\" data-id=\"6af4249\" data-element_type=\"container\" data-e-type=\"container\">\n\t\t\t\t<div class=\"elementor-element elementor-element-51de729 elementor-widget-divider--view-line elementor-widget elementor-widget-divider\" data-id=\"51de729\" data-element_type=\"widget\" data-e-type=\"widget\" data-widget_type=\"divider.default\">\n\t\t\t\t\t\t\t<div class=\"elementor-divider\">\n\t\t\t<span class=\"elementor-divider-separator\">\n\t\t\t\t\t\t<\/span>\n\t\t<\/div>\n\t\t\t\t\t\t<\/div>\n\t\t\t\t<div class=\"elementor-element elementor-element-5a905f2 reglamento elementor-widget elementor-widget-text-editor\" data-id=\"5a905f2\" data-element_type=\"widget\" data-e-type=\"widget\" data-widget_type=\"text-editor.default\">\n\t\t\t\t\t\t\t\t\t<p><strong>Pol\u00edtica de Privacidad \u2013 Marat\u00f3 Barcelona 2027<\/strong><\/p><ol><li><strong>\u00bfQui\u00e9n es el Responsable del tratamiento de sus datos?<\/strong><\/li><\/ol><p>Identidad: Ajuntament de Barcelona,<\/p><p>Dir. Postal: Pl. de Sant Jaume, 1, 08002, Barcelona<\/p><p>Tel\u00e9fono: 934 02 70 00<\/p><p>Contacto:<\/p><p>Delegado de Protecci\u00f3n de Datos y contacto: <a href=\"https:\/\/atencioenlinia.ajuntament.barcelona.cat\/es\/fitxa\/alta?cbDetall=4845&amp;consulta=1&amp;directo=1&amp;origen=DELEGAT_PROTECCIO_TUTELA_DRETS\" target=\"_blank\" rel=\"noopener\">https:\/\/atencioenlinia.Ajuntament.barcelona.cat\/es\/fitxa\/alta?cbDetall=4845&amp;consulta=1&amp;directo=1&amp;origen=DELEGAT_PROTECCIO_TUTELA_DRETS<\/a><\/p><ol start=\"2\"><li><strong>\u00bfCon qu\u00e9 finalidad se tratar\u00e1n sus datos personales?<\/strong><\/li><\/ol><p>Cuando proporcione datos personales a trav\u00e9s del formulario de inscripci\u00f3n a la Marat\u00f3 de Barcelona, la finalidad ser\u00e1 gestionar y tramitar su participaci\u00f3n en la misma, as\u00ed como la publicaci\u00f3n de la clasificaci\u00f3n de la carrera de acuerdo con las categor\u00edas establecidas.<\/p><p>Sus datos personales identificativos se tratar\u00e1n con la finalidad de emitir y poner a su disposici\u00f3n un certificado acreditativo de haber completado la prueba.<\/p><p>Cuando contacte con el Ajuntament de Barcelona a trav\u00e9s de la direcci\u00f3n de correo electr\u00f3nico facilitada en la p\u00e1gina web, los datos personales proporcionados ser\u00e1n tratados con la finalidad de atender su solicitud o consulta.<\/p><ol start=\"3\"><li><strong>\u00bfCu\u00e1l es la legitimaci\u00f3n del tratamiento de sus datos?<\/strong><\/li><\/ol><p>La base legitimadora del tratamiento de sus datos personales facilitados mediante el formulario de inscripci\u00f3n es la ejecuci\u00f3n del contrato derivado de su inscripci\u00f3n y participaci\u00f3n en el evento.<\/p><p>La base legitimadora del tratamiento de sus datos personales para la emisi\u00f3n del certificado acreditativo de haber completado la prueba es la ejecuci\u00f3n del contrato.<\/p><p>La base legitimadora del tratamiento de los datos personales facilitados a trav\u00e9s del correo electr\u00f3nico de contacto es el consentimiento manifestado mediante el env\u00edo voluntario de la comunicaci\u00f3n.<\/p><ol start=\"4\"><li><strong>\u00bfDurante cu\u00e1nto tiempo conservaremos sus datos personales?<\/strong><\/li><\/ol><p>En caso de que el tratamiento se base en la ejecuci\u00f3n de un contrato, los datos personales se conservar\u00e1n mientras dure la relaci\u00f3n contractual.<\/p><p>En aquellos casos en que el tratamiento de los datos personales se base en el consentimiento prestado, los datos personales ser\u00e1n conservados mientras no revoque dicho consentimiento.<\/p><ol start=\"5\"><li><strong>\u00bfCu\u00e1les son las categor\u00edas de datos personales que se tratar\u00e1n?<\/strong><\/li><\/ol><p>Las categor\u00edas de datos personales tratados ser\u00e1n las siguientes:<\/p><ul><li>Datos identificativos: nombre, apellidos, DNI, pasaporte u otro documento identificativo, N.\u00ba de licencia en caso de estar federado, imagen personal.<\/li><li>Datos de contacto: tel\u00e9fono m\u00f3vil, direcci\u00f3n de correo electr\u00f3nico.<\/li><li>Datos de caracter\u00edsticas personales y sociales: fecha de nacimiento, g\u00e9nero, nacionalidad, pertenencia a alg\u00fan club deportivo.<\/li><\/ul><p>\u00a0<\/p><ol start=\"6\"><li><strong>Datos personales de terceros<\/strong><\/li><\/ol><p>Al facilitar datos personales de un tercero como contacto de emergencia, declara y garantiza que cuenta con el consentimiento de dicha persona para comunicar sus datos al Ajuntament de Barcelona, y que le ha informado del tratamiento descrito en la presente pol\u00edtica de privacidad. Estos datos se tratar\u00e1n exclusivamente para localizar y contactar con esa persona en caso de incidencia o situaci\u00f3n de emergencia de cualquier tipo relacionada con su participaci\u00f3n en el evento, y su tratamiento se legitima en el consentimiento del propio tercero designado como contacto de emergencia.<\/p><ol start=\"7\"><li><strong>Seguridad de los datos<\/strong><\/li><\/ol><p>El Ajuntament de Barcelona tiene implantadas las medidas de \u00edndole t\u00e9cnica y organizativas necesarias que garanticen la seguridad de sus datos y eviten su alteraci\u00f3n, p\u00e9rdida, tratamiento o acceso no autorizado, habida cuenta del estado de la tecnolog\u00eda, la naturaleza de los datos almacenados y los riesgos a que est\u00e1n expuestos.<\/p><ol start=\"8\"><li><strong>\u00bfQui\u00e9nes son los destinatarios de los datos del interesado?<\/strong><\/li><\/ol><p>Sus datos personales podr\u00e1n ser comunicados a las siguientes entidades:<\/p><p>A RPM Racing, S.L.U. con la finalidad de gestionar la organizaci\u00f3n del evento deportivo. Adicionalmente, en caso de que usted as\u00ed lo autorice, sus datos ser\u00e1n tratados con la finalidad de que RPM Racing, S.L.U. le remita comunicaciones comerciales.<\/p><p>A Marathon-Photos.com Limited con la finalidad de gestionar y prestar el servicio de fotograf\u00eda relacionado con el evento, de conformidad con el contrato suscrito entre dicha entidad y el participante.<\/p><p>A las Administraciones P\u00fablicas que por ley corresponda.<\/p><p>A la Real Federaci\u00f3n Espa\u00f1ola de Atletismo para la tramitaci\u00f3n de los seguros obligatorios de accidentes y de responsabilidad civil.<\/p><p>Al Institut Barcelona Esports (IBE) para el env\u00edo de informaci\u00f3n relativa a sus actividades, cuando usted as\u00ed lo autorice.<\/p><ol start=\"9\"><li><strong>\u00bfQu\u00e9 derechos tiene el interesado?<\/strong><\/li><\/ol><p>El interesado tiene derecho a:<\/p><ul><li>Solicitar el acceso a sus datos personales;<\/li><li>Solicitar la rectificaci\u00f3n de sus datos personales;<\/li><li>Solicitar la limitaci\u00f3n del tratamiento de sus datos personales;<\/li><li>Oponerse al tratamiento de sus datos personales;<\/li><li>A la portabilidad de los datos.<\/li><li>A revocar el consentimiento prestado en cualquier momento, sin que ello afecte a la licitud del tratamiento previo basado en el mismo.<\/li><\/ul><p>Puede ejercer los derechos mencionados a trav\u00e9s del presente <a href=\"https:\/\/seuelectronica.ajuntament.barcelona.cat\/ca\/proteccio-de-dades\/quins-drets-tinc-sobre-meves-dades\" target=\"_blank\" rel=\"noopener\"><strong>formulario<\/strong><\/a>.<\/p><p>En caso de que no se considere satisfecho con la atenci\u00f3n de sus derechos, podr\u00e1 presentar una reclamaci\u00f3n ante la autoridad de control competente.<\/p><p>\u00a0<\/p><p>\u00a0<\/p><p>\u00a0<\/p>\t\t\t\t\t\t\t\t<\/div>\n\t\t\t\t<\/div>\n\t\t\t\t<\/div>\n\t\t\t\t<\/div>\n\t\t\t\t<\/div>\n\t\t","protected":false},"excerpt":{"rendered":"<p>Pol\u00edtica de Privacidad \u2013 Marat\u00f3 Barcelona 2027 \u00bfQui\u00e9n es el Responsable del tratamiento de sus datos? Identidad: Ajuntament de Barcelona, Dir. Postal: Pl. de Sant Jaume, 1, 08002, Barcelona Tel\u00e9fono: 934 02 70 00 Contacto: Delegado de Protecci\u00f3n de Datos y contacto: https:\/\/atencioenlinia.Ajuntament.barcelona.cat\/es\/fitxa\/alta?cbDetall=4845&amp;consulta=1&amp;directo=1&amp;origen=DELEGAT_PROTECCIO_TUTELA_DRETS \u00bfCon qu\u00e9 finalidad se tratar\u00e1n sus datos personales? Cuando proporcione datos personales [&hellip;]<\/p>\n","protected":false},"author":1,"featured_media":0,"parent":0,"menu_order":0,"comment_status":"closed","ping_status":"closed","template":"","meta":{"footnotes":""},"class_list":["post-3","page","type-page","status-publish","hentry"],"_links":{"self":[{"href":"https:\/\/zurichmaratobarcelona.es\/es\/wp-json\/wp\/v2\/pages\/3","targetHints":{"allow":["GET"]}}],"collection":[{"href":"https:\/\/zurichmaratobarcelona.es\/es\/wp-json\/wp\/v2\/pages"}],"about":[{"href":"https:\/\/zurichmaratobarcelona.es\/es\/wp-json\/wp\/v2\/types\/page"}],"author":[{"embeddable":true,"href":"https:\/\/zurichmaratobarcelona.es\/es\/wp-json\/wp\/v2\/users\/1"}],"replies":[{"embeddable":true,"href":"https:\/\/zurichmaratobarcelona.es\/es\/wp-json\/wp\/v2\/comments?post=3"}],"version-history":[{"count":6,"href":"https:\/\/zurichmaratobarcelona.es\/es\/wp-json\/wp\/v2\/pages\/3\/revisions"}],"predecessor-version":[{"id":17902,"href":"https:\/\/zurichmaratobarcelona.es\/es\/wp-json\/wp\/v2\/pages\/3\/revisions\/17902"}],"wp:attachment":[{"href":"https:\/\/zurichmaratobarcelona.es\/es\/wp-json\/wp\/v2\/media?parent=3"}],"curies":[{"name":"wp","href":"https:\/\/api.w.org\/{rel}","templated":true}]}}