{"id":216,"date":"2025-10-28T12:28:10","date_gmt":"2025-10-28T11:28:10","guid":{"rendered":"https:\/\/www.mitjamarato.barcelona\/?page_id=216"},"modified":"2026-01-13T09:20:10","modified_gmt":"2026-01-13T08:20:10","slug":"mapa-del-sitio","status":"publish","type":"page","link":"https:\/\/zurichmaratobarcelona.es\/es\/mapa-del-sitio\/","title":{"rendered":"Mapa del sitio"},"content":{"rendered":"\t\t<div data-elementor-type=\"wp-page\" data-elementor-id=\"216\" class=\"elementor elementor-216\" data-elementor-post-type=\"page\">\n\t\t\t\t<div class=\"elementor-element elementor-element-3f26b13 e-con-full e-flex e-con e-parent\" data-id=\"3f26b13\" data-element_type=\"container\" data-e-type=\"container\" data-settings=\"{&quot;background_background&quot;:&quot;classic&quot;}\">\n\t\t<div class=\"elementor-element elementor-element-b2807ea e-con-full e-flex e-con e-child\" data-id=\"b2807ea\" data-element_type=\"container\" data-e-type=\"container\">\n\t\t\t\t<div class=\"elementor-element elementor-element-3494718 elementor-widget elementor-widget-heading\" data-id=\"3494718\" data-element_type=\"widget\" data-e-type=\"widget\" data-widget_type=\"heading.default\">\n\t\t\t\t\t<h1 class=\"elementor-heading-title elementor-size-default\">Mapa del sitio<\/h1>\t\t\t\t<\/div>\n\t\t<div class=\"elementor-element elementor-element-51345f2 e-con-full e-flex e-con e-child\" data-id=\"51345f2\" data-element_type=\"container\" data-e-type=\"container\">\n\t\t\t\t<div class=\"elementor-element elementor-element-a45b5ef elementor-widget-divider--view-line elementor-widget elementor-widget-divider\" data-id=\"a45b5ef\" data-element_type=\"widget\" data-e-type=\"widget\" data-widget_type=\"divider.default\">\n\t\t\t\t\t\t\t<div class=\"elementor-divider\">\n\t\t\t<span class=\"elementor-divider-separator\">\n\t\t\t\t\t\t<\/span>\n\t\t<\/div>\n\t\t\t\t\t\t<\/div>\n\t\t\t\t<div class=\"elementor-element elementor-element-6afe896 elementor-widget elementor-widget-sitemap\" data-id=\"6afe896\" data-element_type=\"widget\" data-e-type=\"widget\" data-widget_type=\"sitemap.default\">\n\t\t\t\t\t<div class=\"elementor-sitemap-wrap\"><div class=\"elementor-sitemap-section\"><h2 class=\"elementor-sitemap-title elementor-sitemap-page-title\">P\u00e1ginas<\/h2><ul class=\"elementor-sitemap-list elementor-sitemap-page-list\"><li class=\"elementor-sitemap-item elementor-sitemap-item-page page_item page-item-28\"><a href=\"https:\/\/zurichmaratobarcelona.es\/es\/parunda\/\">\u00a1Parunda!<\/a><\/li><li class=\"elementor-sitemap-item elementor-sitemap-item-page page_item page-item-71\"><a href=\"https:\/\/zurichmaratobarcelona.es\/es\/aviso-legal\/\">Aviso legal<\/a><\/li><li class=\"elementor-sitemap-item elementor-sitemap-item-page page_item page-item-15956\"><a href=\"https:\/\/zurichmaratobarcelona.es\/es\/evento\/eventos-paralelos\/bimbo_breakfast_run_es\/\">Bimbo breakfast run by hoka<\/a><\/li><li class=\"elementor-sitemap-item elementor-sitemap-item-page page_item page-item-16716\"><a href=\"https:\/\/zurichmaratobarcelona.es\/es\/calculo-huella-carbono\/\">Calculo huella carbono<\/a><\/li><li class=\"elementor-sitemap-item elementor-sitemap-item-page page_item page-item-59\"><a href=\"https:\/\/zurichmaratobarcelona.es\/es\/evento\/como-llegar-a-la-carrera\/\">Como llegar a la carrera<\/a><\/li><li class=\"elementor-sitemap-item elementor-sitemap-item-page page_item page-item-67\"><a href=\"https:\/\/zurichmaratobarcelona.es\/es\/evento\/conoce-barcelona\/\">Conoce Barcelona<\/a><\/li><li class=\"elementor-sitemap-item elementor-sitemap-item-page page_item page-item-21\"><a href=\"https:\/\/zurichmaratobarcelona.es\/es\/contacto\/\">Contacto<\/a><\/li><li class=\"elementor-sitemap-item elementor-sitemap-item-page page_item page-item-16278\"><a href=\"https:\/\/zurichmaratobarcelona.es\/es\/evento\/eventos-paralelos\/corre-en-casa\/\">Corre en casa<\/a><\/li><li class=\"elementor-sitemap-item elementor-sitemap-item-page page_item page-item-651\"><a href=\"https:\/\/zurichmaratobarcelona.es\/es\/soy-corredor-a\/feria-del-corredor-expo-sports\/espacio-expositor\/\">Espacio expositor<\/a><\/li><li class=\"elementor-sitemap-item elementor-sitemap-item-page page_item page-item-653\"><a href=\"https:\/\/zurichmaratobarcelona.es\/es\/soy-corredor-a\/feria-del-corredor-expo-sports\/espacio-visitante\/\">Espacio visitante<\/a><\/li><li class=\"elementor-sitemap-item elementor-sitemap-item-page page_item page-item-54\"><a href=\"https:\/\/zurichmaratobarcelona.es\/es\/evento\/\">Evento<\/a><\/li><li class=\"elementor-sitemap-item elementor-sitemap-item-page page_item page-item-57\"><a href=\"https:\/\/zurichmaratobarcelona.es\/es\/evento\/eventos-paralelos\/\">Eventos paralelos<\/a><\/li><li class=\"elementor-sitemap-item elementor-sitemap-item-page page_item page-item-44\"><a href=\"https:\/\/zurichmaratobarcelona.es\/es\/soy-corredor-a\/feria-del-corredor-expo-sports\/\">Feria del Corredor &#8211; Expo Sports<\/a><\/li><li class=\"elementor-sitemap-item elementor-sitemap-item-page page_item page-item-42\"><a href=\"https:\/\/zurichmaratobarcelona.es\/es\/soy-corredor-a\/guardarropa\/\">Guardarropa<\/a><\/li><li class=\"elementor-sitemap-item elementor-sitemap-item-page page_item page-item-13758\"><a href=\"https:\/\/zurichmaratobarcelona.es\/es\/historia\/\">Historia<\/a><\/li><li class=\"elementor-sitemap-item elementor-sitemap-item-page page_item page-item-316\"><a href=\"https:\/\/zurichmaratobarcelona.es\/es\/hotspots\/\">Hotspots<\/a><\/li><li class=\"elementor-sitemap-item elementor-sitemap-item-page page_item page-item-63\"><a href=\"https:\/\/zurichmaratobarcelona.es\/es\/evento\/informacion-ciudadana\/\">Informaci\u00f3n ciudadana<\/a><\/li><li class=\"elementor-sitemap-item elementor-sitemap-item-page page_item page-item-79\"><a href=\"https:\/\/zurichmaratobarcelona.es\/es\/\">Inicio<\/a><\/li><li class=\"elementor-sitemap-item elementor-sitemap-item-page page_item page-item-14969\"><a href=\"https:\/\/zurichmaratobarcelona.es\/es\/inicio-web-en-carrera\/\">Inicio &#8211; Web en carrera<\/a><\/li><li class=\"elementor-sitemap-item elementor-sitemap-item-page page_item page-item-216\"><a href=\"https:\/\/zurichmaratobarcelona.es\/es\/mapa-del-sitio\/\">Mapa del sitio<\/a><\/li><li class=\"elementor-sitemap-item elementor-sitemap-item-page page_item page-item-65\"><a href=\"https:\/\/zurichmaratobarcelona.es\/es\/marketplace\/\">Marketplace<\/a><\/li><li class=\"elementor-sitemap-item elementor-sitemap-item-page page_item page-item-19 current_page_parent\"><a href=\"https:\/\/zurichmaratobarcelona.es\/es\/noticias\/\">Noticias<\/a><\/li><li class=\"elementor-sitemap-item elementor-sitemap-item-page page_item page-item-17\"><a href=\"https:\/\/zurichmaratobarcelona.es\/es\/evento\/patrocinadores\/\">Patrocinadores<\/a><\/li><li class=\"elementor-sitemap-item elementor-sitemap-item-page page_item page-item-46\"><a href=\"https:\/\/zurichmaratobarcelona.es\/es\/soy-corredor-a\/entrenamiento\/\">Planes de entrenamiento<\/a><\/li><li class=\"elementor-sitemap-item elementor-sitemap-item-page page_item page-item-77\"><a href=\"https:\/\/zurichmaratobarcelona.es\/es\/politica-de-app\/\">Pol\u00edtica de App<\/a><\/li><li class=\"elementor-sitemap-item elementor-sitemap-item-page page_item page-item-73\"><a href=\"https:\/\/zurichmaratobarcelona.es\/es\/politica-de-cookies\/\">Pol\u00edtica de cookies<\/a><\/li><li class=\"elementor-sitemap-item elementor-sitemap-item-page page_item page-item-3\"><a href=\"https:\/\/zurichmaratobarcelona.es\/es\/politica-privacidad\/\">Pol\u00edtica de privacidad<\/a><\/li><li class=\"elementor-sitemap-item elementor-sitemap-item-page page_item page-item-50\"><a href=\"https:\/\/zurichmaratobarcelona.es\/es\/soy-corredor-a\/preguntas-frecuentes\/\">Preguntas frecuentes<\/a><\/li><li class=\"elementor-sitemap-item elementor-sitemap-item-page page_item page-item-69\"><a href=\"https:\/\/zurichmaratobarcelona.es\/es\/prensa\/\">Prensa<\/a><\/li><li class=\"elementor-sitemap-item elementor-sitemap-item-page page_item page-item-40\"><a href=\"https:\/\/zurichmaratobarcelona.es\/es\/soy-corredor-a\/recogida-de-dorsal\/\">Recogida de dorsal<\/a><\/li><li class=\"elementor-sitemap-item elementor-sitemap-item-page page_item page-item-38\"><a href=\"https:\/\/zurichmaratobarcelona.es\/es\/soy-corredor-a\/recorrido\/\">Recorrido<\/a><\/li><li class=\"elementor-sitemap-item elementor-sitemap-item-page page_item page-item-36\"><a href=\"https:\/\/zurichmaratobarcelona.es\/es\/soy-corredor-a\/reglamento\/\">Reglamento<\/a><\/li><li class=\"elementor-sitemap-item elementor-sitemap-item-page page_item page-item-52\"><a href=\"https:\/\/zurichmaratobarcelona.es\/es\/soy-corredor-a\/resultados\/\">Resultados<\/a><\/li><li class=\"elementor-sitemap-item elementor-sitemap-item-page page_item page-item-48\"><a href=\"https:\/\/zurichmaratobarcelona.es\/es\/soy-corredor-a\/servicios-adicionales\/\">Servicios adicionales<\/a><\/li><li class=\"elementor-sitemap-item elementor-sitemap-item-page page_item page-item-187\"><a href=\"https:\/\/zurichmaratobarcelona.es\/es\/sostenibilidad\/\">Sostenibilidad<\/a><\/li><li class=\"elementor-sitemap-item elementor-sitemap-item-page page_item page-item-34\"><a href=\"https:\/\/zurichmaratobarcelona.es\/es\/soy-corredor-a\/\">Soy corredor\/a<\/a><\/li><li class=\"elementor-sitemap-item elementor-sitemap-item-page page_item page-item-13549\"><a href=\"https:\/\/zurichmaratobarcelona.es\/es\/transporte-publico\/\">Transporte p\u00fablico<\/a><\/li><li class=\"elementor-sitemap-item elementor-sitemap-item-page page_item page-item-61\"><a href=\"https:\/\/zurichmaratobarcelona.es\/es\/evento\/voluntariado-2026\/\">Voluntariado 2026<\/a><\/li><li class=\"elementor-sitemap-item elementor-sitemap-item-page page_item page-item-15853\"><a href=\"https:\/\/zurichmaratobarcelona.es\/es\/evento\/eventos-paralelos\/zurich-kids-race\/\">Zurich Kids Race<\/a><\/li><\/ul><\/div><div class=\"elementor-sitemap-section\"><h2 class=\"elementor-sitemap-title elementor-sitemap-post-title\">Noticias<\/h2><ul class=\"elementor-sitemap-list elementor-sitemap-post-list\"><li class=\"elementor-sitemap-item elementor-sitemap-item-post page_item page-item-16086\"><a href=\"https:\/\/zurichmaratobarcelona.es\/es\/2025\/03\/14\/27-000-participantes-record-historico-de-la-zurich-marato-barcelona-2025-que-acogera-a-la-vez-el-campeonato-de-maraton-de-espana-y-el-de-cataluna\/\">27.000 participantes: r\u00e9cord hist\u00f3rico de la Zurich Marat\u00f3 Barcelona 2025, que acoger\u00e1 a la vez el Campeonato de Marat\u00f3n de Espa\u00f1a y el de Catalu\u00f1a<\/a><\/li><li class=\"elementor-sitemap-item elementor-sitemap-item-post page_item page-item-13013\"><a href=\"https:\/\/zurichmaratobarcelona.es\/es\/2025\/02\/10\/aigues-de-barcelona-sera-el-avituallamiento-oficial-sostenible-este-2025-de-la-edreams-mitja-marato-barcelona-by-brooks-y-de-la-zurich-marato-barcelona\/\">Aig\u00fces de Barcelona ser\u00e1 el avituallamiento oficial sostenible este 2025 de la eDreams Mitja Marat\u00f3 Barcelona by Brooks y de la Zurich Marat\u00f3 Barcelona<\/a><\/li><li class=\"elementor-sitemap-item elementor-sitemap-item-post page_item page-item-13693\"><a href=\"https:\/\/zurichmaratobarcelona.es\/es\/2025\/03\/13\/ecotic-envases-se-convierte-en-patrocinador-oficial-de-la-zurich-marato-barcelona-2025-promoviendo-el-reciclaje-y-la-sostenibilidad-en-el-evento\/\">ECOTIC Envases se convierte en patrocinador oficial de la Zurich Marat\u00f3 Barcelona 2025, promoviendo el reciclaje y la sostenibilidad en el evento<\/a><\/li><li class=\"elementor-sitemap-item elementor-sitemap-item-post page_item page-item-14586\"><a href=\"https:\/\/zurichmaratobarcelona.es\/es\/2025\/12\/17\/finisher-renueva-como-official-sponsor-de-nutricion-y-suplementacion-deportiva-de-la-zurich-marato-barcelona-y-la-hyundai-mitja-marato-barcelona-by-brooks-hasta-el-ano-2028\/\">Finisher\u00ae, renueva como Official Sponsor de nutrici\u00f3n y suplementaci\u00f3n deportiva de la Zurich Marat\u00f3 Barcelona y la Hyundai Mitja Marat\u00f3 Barcelona by Brooks hasta el a\u00f1o 2028<\/a><\/li><li class=\"elementor-sitemap-item elementor-sitemap-item-post page_item page-item-16699\"><a href=\"https:\/\/zurichmaratobarcelona.es\/es\/2026\/03\/20\/fotyen-tesfay-gana-la-zurich-marato-de-barcelona-con-la-segunda-mejor-marca-de-la-historia-en-su-debut\/\">Fotyen Tesfay gana la Zurich Marat\u00f3 de Barcelona con la segunda mejor marca de la historia en su debut<\/a><\/li><li class=\"elementor-sitemap-item elementor-sitemap-item-post page_item page-item-13333\"><a href=\"https:\/\/zurichmaratobarcelona.es\/es\/2025\/03\/03\/garmin-forerunner-265-el-reloj-oficial-de-la-zurich-marato-barcelona-2025\/\">Garmin Forerunner 265, el reloj oficial de la Zurich Marat\u00f3 Barcelona 2025<\/a><\/li><li class=\"elementor-sitemap-item elementor-sitemap-item-post page_item page-item-16115\"><a href=\"https:\/\/zurichmaratobarcelona.es\/es\/2026\/01\/13\/hoka-main-sponsor-de-la-zurich-marato-de-barcelona\/\">HOKA MAIN SPONSOR DE LA ZURICH MARAT\u00d3 DE BARCELONA<\/a><\/li><li class=\"elementor-sitemap-item elementor-sitemap-item-post page_item page-item-13496\"><a href=\"https:\/\/zurichmaratobarcelona.es\/es\/2025\/03\/06\/hyundai-acompanara-a-las-y-los-corredores-en-la-zurich-marato-barcelona-2025\/\">Hyundai acompa\u00f1ar\u00e1 a las y los corredores en la Zurich Marat\u00f3 Barcelona 2025<\/a><\/li><li class=\"elementor-sitemap-item elementor-sitemap-item-post page_item page-item-16083\"><a href=\"https:\/\/zurichmaratobarcelona.es\/es\/2025\/03\/05\/la-camiseta-de-la-zurich-marato-barcelona-2025-reivindica-el-ambiente-y-animacion-de-la-ciudad-durante-su-recorrido\/\">La camiseta de la Zurich Marat\u00f3 Barcelona 2025 reivindica el ambiente y animaci\u00f3n de la ciudad durante su recorrido<\/a><\/li><li class=\"elementor-sitemap-item elementor-sitemap-item-post page_item page-item-12836\"><a href=\"https:\/\/zurichmaratobarcelona.es\/es\/2025\/01\/24\/la-medalla-de-la-zurich-marato-barcelona-2025-un-homenaje-a-su-monumental-recorrido-y-al-ambiente-de-la-ciudad\/\">La Medalla de la Zurich Marat\u00f3 Barcelona 2025: un homenaje a su monumental recorrido y al ambiente de la ciudad<\/a><\/li><li class=\"elementor-sitemap-item elementor-sitemap-item-post page_item page-item-13898\"><a href=\"https:\/\/zurichmaratobarcelona.es\/es\/2025\/06\/05\/la-mitja-marato-barcelona-by-brooks-y-la-zurich-marato-barcelona-ya-tienen-fecha-para-2026-tras-un-2025-de-records\/\">La Mitja Marat\u00f3 Barcelona by Brooks y la Zurich Marat\u00f3 Barcelona ya tienen fecha para 2026 tras un 2025 de r\u00e9cords<\/a><\/li><li class=\"elementor-sitemap-item elementor-sitemap-item-post page_item page-item-12695\"><a href=\"https:\/\/zurichmaratobarcelona.es\/es\/2025\/01\/09\/la-zurich-marato-barcelona-2025-bate-su-record-historico-de-inscripciones-con-27-000-dorsales-vendidos\/\">La Zurich Marat\u00f3 Barcelona 2025 bate su r\u00e9cord hist\u00f3rico de inscripciones con 27.000 dorsales vendidos<\/a><\/li><li class=\"elementor-sitemap-item elementor-sitemap-item-post page_item page-item-13292\"><a href=\"https:\/\/zurichmaratobarcelona.es\/es\/2025\/02\/26\/la-zurich-marato-barcelona-2025-optimiza-su-recorrido-para-mejorar-la-experiencia-de-corredores-y-espectadores\/\">\u200b\u200bLa Zurich Marat\u00f3 Barcelona 2025 optimiza su recorrido para mejorar la experiencia de corredores y espectadores<\/a><\/li><li class=\"elementor-sitemap-item elementor-sitemap-item-post page_item page-item-13097\"><a href=\"https:\/\/zurichmaratobarcelona.es\/es\/2025\/02\/19\/la-zurich-marato-barcelona-2025-visibiliza-e-impulsa-el-running-femenino-con-el-proyecto-donant-pas\/\">La Zurich Marat\u00f3 Barcelona 2025 visibiliza e impulsa el running femenino con el proyecto \u00abDONAnt Pas\u00bb<\/a><\/li><li class=\"elementor-sitemap-item elementor-sitemap-item-post page_item page-item-12916\"><a href=\"https:\/\/zurichmaratobarcelona.es\/es\/2025\/01\/29\/la-zurich-marato-barcelona-2025-vuelve-a-ser-campeonato-de-cataluna-de-maraton-por-segundo-ano-consecutivo\/\">La Zurich Marat\u00f3 Barcelona 2025 vuelve a ser Campeonato de Catalu\u00f1a de Marat\u00f3n por segundo a\u00f1o consecutivo<\/a><\/li><li class=\"elementor-sitemap-item elementor-sitemap-item-post page_item page-item-16098\"><a href=\"https:\/\/zurichmaratobarcelona.es\/es\/2026\/01\/07\/la-zurich-marato-barcelona-agota-todos-los-dorsales-y-cuelga-el-cartel-de-sold-out-con-32-000-inscripciones-para-2026\/\">La Zurich Marat\u00f3 Barcelona agota todos los dorsales y cuelga el cartel de \u201csold out\u201d con 32.000 inscripciones para 2026<\/a><\/li><li class=\"elementor-sitemap-item elementor-sitemap-item-post page_item page-item-16089\"><a href=\"https:\/\/zurichmaratobarcelona.es\/es\/2025\/11\/19\/ok-mobility-se-suma-un-ano-mas-a-la-zurich-marato-barcelona\/\">OK Mobility se suma un a\u00f1o m\u00e1s a la Zurich Marat\u00f3 Barcelona\u00a0<\/a><\/li><li class=\"elementor-sitemap-item elementor-sitemap-item-post page_item page-item-13108\"><a href=\"https:\/\/zurichmaratobarcelona.es\/es\/2025\/02\/19\/ok-mobility-se-une-a-la-zurich-marato-barcelona-2025-como-patrocinador-oficial\/\">OK Mobility se une a la Zurich Marat\u00f3 Barcelona 2025 como patrocinador oficial<\/a><\/li><li class=\"elementor-sitemap-item elementor-sitemap-item-post page_item page-item-16092\"><a href=\"https:\/\/zurichmaratobarcelona.es\/es\/2025\/12\/15\/record-historico-la-zurich-marato-barcelona-supera-las-30-000-inscripciones\/\">R\u00e9cord hist\u00f3rico: la Zurich Marat\u00f3 Barcelona supera las 30.000 inscripciones<\/a><\/li><li class=\"elementor-sitemap-item elementor-sitemap-item-post page_item page-item-12883\"><a href=\"https:\/\/zurichmaratobarcelona.es\/es\/2025\/01\/28\/sb-hotelscadena-hotelera-oficial-de-la-edreams-mitja-marato-de-barcelona-by-brooks-2025y-la-zurich-marato-barcelona-2025\/\">SB Hotels, cadena hotelera oficial de la Zurich Marat\u00f3 Barcelona\u00a02025 y de la\u00a0eDreams Mitja Marat\u00f3 de Barcelona by Brooks\u00a02025<\/a><\/li><li class=\"elementor-sitemap-item elementor-sitemap-item-post page_item page-item-13765\"><a href=\"https:\/\/zurichmaratobarcelona.es\/es\/2025\/03\/16\/tesfaye-deriba-y-sharon-chelimo-establecen-nuevos-records-en-la-zurich-marato-barcelona-2025\/\">Tesfaye Deriba y Sharon Chelimo establecen nuevos r\u00e9cords en la Zurich Marat\u00f3 Barcelona 2025<\/a><\/li><li class=\"elementor-sitemap-item elementor-sitemap-item-post page_item page-item-13343\"><a href=\"https:\/\/zurichmaratobarcelona.es\/es\/2025\/03\/03\/vitamin-well-sera-la-bebida-oficial-de-la-zurich-marato-barcelona-2025-una-de-las-maratones-mas-completas-y-magicas-del-mundo\/\">Vitamin Well ser\u00e1 la bebida oficial de la Zurich Marat\u00f3 Barcelona 2025, una de las maratones m\u00e1s completas y m\u00e1gicas del mundo<\/a><\/li><li class=\"elementor-sitemap-item elementor-sitemap-item-post page_item page-item-14117\"><a href=\"https:\/\/zurichmaratobarcelona.es\/es\/2025\/09\/16\/zurich-seguros-renueva-como-title-sponsor-de-la-zurich-marato-barcelona\/\">Zurich Seguros renueva como\u00a0title sponsor\u00a0de la Zurich Marat\u00f3 Barcelona<\/a><\/li><\/ul><\/div><\/div>\t\t\t\t<\/div>\n\t\t\t\t<\/div>\n\t\t\t\t<\/div>\n\t\t\t\t<\/div>\n\t\t\t\t<\/div>\n\t\t","protected":false},"excerpt":{"rendered":"","protected":false},"author":1,"featured_media":0,"parent":0,"menu_order":0,"comment_status":"closed","ping_status":"closed","template":"","meta":{"footnotes":""},"class_list":["post-216","page","type-page","status-publish","hentry"],"_links":{"self":[{"href":"https:\/\/zurichmaratobarcelona.es\/es\/wp-json\/wp\/v2\/pages\/216","targetHints":{"allow":["GET"]}}],"collection":[{"href":"https:\/\/zurichmaratobarcelona.es\/es\/wp-json\/wp\/v2\/pages"}],"about":[{"href":"https:\/\/zurichmaratobarcelona.es\/es\/wp-json\/wp\/v2\/types\/page"}],"author":[{"embeddable":true,"href":"https:\/\/zurichmaratobarcelona.es\/es\/wp-json\/wp\/v2\/users\/1"}],"replies":[{"embeddable":true,"href":"https:\/\/zurichmaratobarcelona.es\/es\/wp-json\/wp\/v2\/comments?post=216"}],"version-history":[{"count":0,"href":"https:\/\/zurichmaratobarcelona.es\/es\/wp-json\/wp\/v2\/pages\/216\/revisions"}],"wp:attachment":[{"href":"https:\/\/zurichmaratobarcelona.es\/es\/wp-json\/wp\/v2\/media?parent=216"}],"curies":[{"name":"wp","href":"https:\/\/api.w.org\/{rel}","templated":true}]}}