{"id":187,"date":"2025-10-28T11:54:05","date_gmt":"2025-10-28T10:54:05","guid":{"rendered":"https:\/\/www.mitjamarato.barcelona\/?page_id=187"},"modified":"2026-03-24T09:33:31","modified_gmt":"2026-03-24T08:33:31","slug":"sostenibilidad","status":"publish","type":"page","link":"https:\/\/zurichmaratobarcelona.es\/es\/sostenibilidad\/","title":{"rendered":"Sostenibilidad"},"content":{"rendered":"\t\t<div data-elementor-type=\"wp-page\" data-elementor-id=\"187\" class=\"elementor elementor-187\" data-elementor-post-type=\"page\">\n\t\t\t\t<div class=\"elementor-element elementor-element-6d7d350 e-con-full e-flex e-con e-parent\" data-id=\"6d7d350\" data-element_type=\"container\" data-e-type=\"container\" data-settings=\"{&quot;background_background&quot;:&quot;classic&quot;}\">\n\t\t<div class=\"elementor-element elementor-element-aecd9a7 e-con-full e-flex e-con e-child\" data-id=\"aecd9a7\" data-element_type=\"container\" data-e-type=\"container\">\n\t\t\t\t<div class=\"elementor-element elementor-element-9e01363 elementor-widget elementor-widget-heading\" data-id=\"9e01363\" data-element_type=\"widget\" data-e-type=\"widget\" data-widget_type=\"heading.default\">\n\t\t\t\t\t<h1 class=\"elementor-heading-title elementor-size-default\">Sostenibilidad<\/h1>\t\t\t\t<\/div>\n\t\t\t\t<div class=\"elementor-element elementor-element-04c4987 elementor-widget elementor-widget-heading\" data-id=\"04c4987\" data-element_type=\"widget\" data-e-type=\"widget\" data-widget_type=\"heading.default\">\n\t\t\t\t\t<h2 class=\"elementor-heading-title elementor-size-default\">Compromiso con la Sostenibilidad en la Marat\u00f3n de Barcelona<\/h2>\t\t\t\t<\/div>\n\t\t<div class=\"elementor-element elementor-element-be84208 e-con-full e-flex e-con e-child\" data-id=\"be84208\" data-element_type=\"container\" data-e-type=\"container\">\n\t\t\t\t<div class=\"elementor-element elementor-element-6e897f3 elementor-widget-divider--view-line elementor-widget elementor-widget-divider\" data-id=\"6e897f3\" data-element_type=\"widget\" data-e-type=\"widget\" data-widget_type=\"divider.default\">\n\t\t\t\t\t\t\t<div class=\"elementor-divider\">\n\t\t\t<span class=\"elementor-divider-separator\">\n\t\t\t\t\t\t<\/span>\n\t\t<\/div>\n\t\t\t\t\t\t<\/div>\n\t\t\t\t<div class=\"elementor-element elementor-element-c29ba4a elementor-widget elementor-widget-text-editor\" data-id=\"c29ba4a\" data-element_type=\"widget\" data-e-type=\"widget\" data-widget_type=\"text-editor.default\">\n\t\t\t\t\t\t\t\t\t<p>La\u00a0<strong>Zurich Marat\u00f3n de Barcelona<\/strong>\u00a0nos orgullece de ser un evento que no solo celebra el esfuerzo y la superaci\u00f3n personal, sino tambi\u00e9n el respeto por el medio ambiente. A medida que avanzamos hacia un futuro m\u00e1s sostenible, estamos comprometidos en reducir el impacto ambiental de nuestra carrera, adoptando iniciativas que promuevan la sostenibilidad en cada paso. A continuaci\u00f3n, te contamos las acciones que estamos implementando para hacer de esta marat\u00f3n un evento m\u00e1s verde y responsable:<\/p>\t\t\t\t\t\t\t\t<\/div>\n\t\t\t\t<div class=\"elementor-element elementor-element-7fe5616 elementor-widget elementor-widget-text-editor\" data-id=\"7fe5616\" data-element_type=\"widget\" data-e-type=\"widget\" data-widget_type=\"text-editor.default\">\n\t\t\t\t\t\t\t\t\t<ul><li><span style=\"text-decoration: underline;\">Transporte P\u00fablico TMB y P\u00e1rquing Vigilado de Bicicletas:<\/span>\u00a0Para facilitar el acceso a la Marat\u00f3n de Barcelona y reducir la huella de carbono asociada al transporte, fomentamos el uso del transporte p\u00fablico. Los participantes y asistentes podr\u00e1n beneficiarse de un viaje gratuito en el transporte p\u00fablico de TMB (Transportes Metropolitanos de Barcelona), incluyendo el metro, autobuses y tranv\u00edas, promoviendo as\u00ed una forma de transporte m\u00e1s eficiente y menos contaminante. De esta manera, buscamos minimizar el tr\u00e1fico y las emisiones, contribuyendo a una ciudad m\u00e1s limpia y sostenible. Adem\u00e1s, durante los d\u00edas de la Expo, habr\u00e1 un servicio de p\u00e1rquing vigilado de bicicletas, incentivando el transporte personal en bicicleta como una opci\u00f3n ecol\u00f3gica y pr\u00e1ctica.<\/li><\/ul><ul><li><u>Camisetas de Materiales Reutilizables:<\/u>\u00a0Como parte de nuestro compromiso con la reducci\u00f3n de residuos y la econom\u00eda circular, las camisetas oficiales de la Zurich Marat\u00f3 Barcelona est\u00e1n fabricadas con materiales reutilizables, garantizando calidad y sostenibilidad en su producci\u00f3n.<\/li><\/ul><ul><li><span style=\"text-decoration: underline;\">Bolsa de Finisher y Bolsa del Participante Reutilizables<\/span>:\u00a0La bolsa de finisher es un elemento esencial para todos los participantes, pero en nuestra constante b\u00fasqueda por reducir el uso de pl\u00e1sticos, hemos dise\u00f1ado una bolsa reutilizable. Adem\u00e1s de ser pr\u00e1ctica para llevar tus objetos personales, esta bolsa est\u00e1 pensada para ser \u00fatil en tu d\u00eda a d\u00eda, evitando as\u00ed la generaci\u00f3n de residuos innecesarios. Tambi\u00e9n hemos implementado una bolsa del participante, entregada en la Expo, que sigue los mismos principios de sostenibilidad y reutilizaci\u00f3n, asegurando que todos los materiales sean respetuosos con el medio ambiente<\/li><\/ul><ul><li><span style=\"text-decoration: underline;\">Avituallamientos en Vasos de cart\u00f3n:<\/span>\u00a0En nuestro compromiso con la reducci\u00f3n de residuos, los vasos utilizados en los avituallamientos ser\u00e1n de cart\u00f3n, convirti\u00e9ndose en un \u00fanico residuo f\u00e1cilmente reciclable. De esta manera, minimizamos el impacto ambiental y fomentamos el uso de materiales biodegradables.<div>\u00a1En 2026 se estimaron un total de 765.000 vasos de un solo uso de papel y cart\u00f3n!<\/div><\/li><\/ul><ul><li><span style=\"text-decoration: underline;\">Limitador de Sonido<\/span>:\u00a0Para proteger la salud de los participantes, vecinos y la fauna urbana, hemos implementado un limitador de sonido en la salida y la llegada. Este sistema garantiza que los niveles de ruido generados por los altavoces no superen los l\u00edmites establecidos por la normativa local, creando un ambiente m\u00e1s saludable y respetuoso con el entorno.<\/li><\/ul><ul><li><p data-pm-slice=\"1 1 []\"><u>Grupos Electr\u00f3genos Sostenibles<\/u>: Todos los grupos electr\u00f3genos utilizados en la salida y la llegada de la Zurich Marat\u00f3 Barcelona son el\u00e9ctricos, reduciendo significativamente las emisiones contaminantes. Los dem\u00e1s generadores empleados en la carrera funcionan con combustibles que no generan CO2, asegurando un menor impacto ambiental durante el evento.<\/p><\/li><\/ul><p>Otras Iniciativas Sostenibles:<\/p><p>&#8211; Reciclaje de Materiales:\u00a0En salida y llegada se instalar\u00e1n puntos de reciclaje en diferentes lugares, donde los participantes y asistentes podr\u00e1n depositar residuos de manera separada, fomentando el reciclaje y la correcta gesti\u00f3n de los materiales.<\/p><p>&#8211;\u00a0Avituallamiento Sostenible:\u00a0Los avituallamientos no solo est\u00e1n pensados para ser m\u00e1s ecol\u00f3gicos, sino tambi\u00e9n para ser saludables y de proximidad. Utilizamos productos locales y de temporada, minimizando la huella de carbono asociada al transporte de alimentos y apoyando la econom\u00eda local.<\/p><p>&#8211;\u00a0Compensaci\u00f3n de Emisiones:\u00a0Con el objetivo de ser lo m\u00e1s responsables posible con el medio ambiente, estamos trabajando en un programa de compensaci\u00f3n de emisiones de carbono generado por el evento. Esto incluye la plantaci\u00f3n de \u00e1rboles y la inversi\u00f3n en proyectos de energ\u00edas renovables.<\/p><p>En resumen, la Marat\u00f3n de Barcelona no es solo un evento deportivo de primer nivel, sino tambi\u00e9n un compromiso con la sostenibilidad y el respeto por el entorno. Con estas iniciativas y muchas otras, esperamos seguir avanzando hacia una carrera m\u00e1s verde, promoviendo valores de cuidado medioambiental entre todos los participantes.<\/p>\t\t\t\t\t\t\t\t<\/div>\n\t\t\t\t<div class=\"elementor-element elementor-element-63cb9c5 elementor-widget elementor-widget-image\" data-id=\"63cb9c5\" data-element_type=\"widget\" data-e-type=\"widget\" data-widget_type=\"image.default\">\n\t\t\t\t\t\t\t\t\t\t\t\t\t\t\t<img fetchpriority=\"high\" decoding=\"async\" width=\"800\" height=\"533\" src=\"https:\/\/zurichmaratobarcelona.es\/wp-content\/uploads\/2026\/03\/@uniti_bcn-DSCF6628-1-scaled-1-1024x682.webp\" class=\"attachment-large size-large wp-image-15446\" alt=\"\" srcset=\"https:\/\/zurichmaratobarcelona.es\/wp-content\/uploads\/2026\/03\/@uniti_bcn-DSCF6628-1-scaled-1-1024x682.webp 1024w, https:\/\/zurichmaratobarcelona.es\/wp-content\/uploads\/2026\/03\/@uniti_bcn-DSCF6628-1-scaled-1-300x200.webp 300w, https:\/\/zurichmaratobarcelona.es\/wp-content\/uploads\/2026\/03\/@uniti_bcn-DSCF6628-1-scaled-1-768x512.webp 768w, https:\/\/zurichmaratobarcelona.es\/wp-content\/uploads\/2026\/03\/@uniti_bcn-DSCF6628-1-scaled-1-1536x1024.webp 1536w, https:\/\/zurichmaratobarcelona.es\/wp-content\/uploads\/2026\/03\/@uniti_bcn-DSCF6628-1-scaled-1-2048x1365.webp 2048w\" sizes=\"(max-width: 800px) 100vw, 800px\" \/>\t\t\t\t\t\t\t\t\t\t\t\t\t\t\t<\/div>\n\t\t\t\t<\/div>\n\t\t\t\t<\/div>\n\t\t\t\t<\/div>\n\t\t\t\t<\/div>\n\t\t","protected":false},"excerpt":{"rendered":"<p>Sostenibilidad Compromiso con la Sostenibilidad en la Marat\u00f3n de Barcelona La\u00a0Zurich Marat\u00f3n de Barcelona\u00a0nos orgullece de ser un evento que no solo celebra el esfuerzo y la superaci\u00f3n personal, sino tambi\u00e9n el respeto por el medio ambiente. A medida que avanzamos hacia un futuro m\u00e1s sostenible, estamos comprometidos en reducir el impacto ambiental de nuestra [&hellip;]<\/p>\n","protected":false},"author":1,"featured_media":0,"parent":0,"menu_order":0,"comment_status":"closed","ping_status":"closed","template":"","meta":{"footnotes":""},"class_list":["post-187","page","type-page","status-publish","hentry"],"_links":{"self":[{"href":"https:\/\/zurichmaratobarcelona.es\/es\/wp-json\/wp\/v2\/pages\/187","targetHints":{"allow":["GET"]}}],"collection":[{"href":"https:\/\/zurichmaratobarcelona.es\/es\/wp-json\/wp\/v2\/pages"}],"about":[{"href":"https:\/\/zurichmaratobarcelona.es\/es\/wp-json\/wp\/v2\/types\/page"}],"author":[{"embeddable":true,"href":"https:\/\/zurichmaratobarcelona.es\/es\/wp-json\/wp\/v2\/users\/1"}],"replies":[{"embeddable":true,"href":"https:\/\/zurichmaratobarcelona.es\/es\/wp-json\/wp\/v2\/comments?post=187"}],"version-history":[{"count":13,"href":"https:\/\/zurichmaratobarcelona.es\/es\/wp-json\/wp\/v2\/pages\/187\/revisions"}],"predecessor-version":[{"id":17235,"href":"https:\/\/zurichmaratobarcelona.es\/es\/wp-json\/wp\/v2\/pages\/187\/revisions\/17235"}],"wp:attachment":[{"href":"https:\/\/zurichmaratobarcelona.es\/es\/wp-json\/wp\/v2\/media?parent=187"}],"curies":[{"name":"wp","href":"https:\/\/api.w.org\/{rel}","templated":true}]}}