{"id":16716,"date":"2026-03-20T11:31:52","date_gmt":"2026-03-20T10:31:52","guid":{"rendered":"https:\/\/dev.zurichmaratobarcelona.es\/?page_id=16716"},"modified":"2026-03-24T09:33:48","modified_gmt":"2026-03-24T08:33:48","slug":"calculo-huella-carbono","status":"publish","type":"page","link":"https:\/\/zurichmaratobarcelona.es\/es\/calculo-huella-carbono\/","title":{"rendered":"Calculo huella carbono"},"content":{"rendered":"\t\t<div data-elementor-type=\"wp-page\" data-elementor-id=\"16716\" class=\"elementor elementor-16716\" data-elementor-post-type=\"page\">\n\t\t\t\t<div class=\"elementor-element elementor-element-6d7d350 e-con-full e-flex e-con e-parent\" data-id=\"6d7d350\" data-element_type=\"container\" data-e-type=\"container\" data-settings=\"{&quot;background_background&quot;:&quot;classic&quot;}\">\n\t\t<div class=\"elementor-element elementor-element-aecd9a7 e-con-full e-flex e-con e-child\" data-id=\"aecd9a7\" data-element_type=\"container\" data-e-type=\"container\">\n\t\t\t\t<div class=\"elementor-element elementor-element-9e01363 elementor-widget elementor-widget-heading\" data-id=\"9e01363\" data-element_type=\"widget\" data-e-type=\"widget\" data-widget_type=\"heading.default\">\n\t\t\t\t\t<h1 class=\"elementor-heading-title elementor-size-default\">Calcula tu huella de carbono<\/h1>\t\t\t\t<\/div>\n\t\t<div class=\"elementor-element elementor-element-be84208 e-con-full e-flex e-con e-child\" data-id=\"be84208\" data-element_type=\"container\" data-e-type=\"container\">\n\t\t\t\t<div class=\"elementor-element elementor-element-c29ba4a elementor-widget elementor-widget-text-editor\" data-id=\"c29ba4a\" data-element_type=\"widget\" data-e-type=\"widget\" data-widget_type=\"text-editor.default\">\n\t\t\t\t\t\t\t\t\t<h3><strong>Compromiso con la Sostenibilidad en la Marat\u00f3n de Barcelona<\/strong><\/h3><p>En la Zurich Marat\u00f3 de Barcelona\u00a0nos enorgullece ser un evento que celebra el esfuerzo, la superaci\u00f3n y la pasi\u00f3n por correr\u2026 pero tambi\u00e9n el respeto y el cuidado del planeta. Nuestro compromiso con la sostenibilidad forma parte esencial de la experiencia de la carrera, y trabajamos cada a\u00f1o para reducir el impacto ambiental del evento.<\/p>\t\t\t\t\t\t\t\t<\/div>\n\t\t\t\t<div class=\"elementor-element elementor-element-7fe5616 elementor-widget elementor-widget-text-editor\" data-id=\"7fe5616\" data-element_type=\"widget\" data-e-type=\"widget\" data-widget_type=\"text-editor.default\">\n\t\t\t\t\t\t\t\t\t<h4>\ud83d\udfe2 Calcula tu Huella de Carbono como Corredor<\/h4><p>La movilidad es uno de los factores que m\u00e1s influye en la huella de carbono asociada a los grandes eventos deportivos. Por eso, este a\u00f1o damos un paso m\u00e1s:<\/p><p>Ahora puedes calcular la huella de carbono generada en tu desplazamiento desde tu casa hasta la Zurich Marat\u00f3 de Barcelona.<\/p><p>Solo tienes que introducir tu origen, el medio de transporte utilizado y algunos datos b\u00e1sicos del viaje. Con esa informaci\u00f3n podr\u00e1s conocer el impacto aproximado de tu desplazamiento y descubrir recomendaciones para reducirlo en futuras ediciones.<\/p>\t\t\t\t\t\t\t\t<\/div>\n\t\t\t\t<div class=\"elementor-element elementor-element-ee7e95f elementor-widget__width-inherit elementor-widget elementor-widget-html\" data-id=\"ee7e95f\" data-element_type=\"widget\" data-e-type=\"widget\" data-widget_type=\"html.default\">\n\t\t\t\t\t<iframe width=\"800\" height=\"1200\" style=\"border: none;\" src=\"https:\/\/barometro.go2ods.com\/evento-co2\/?id=9buxQemCUlJFj2G3y2wDxVl1SXR0MXRjRzNiZXJJeS81NTNaUFE9PQ%C3%A7&amp;s=1\" title=\"HUELLA DE CARBONO - Zurich Marat\u00f3 Barcelona\" allowfullscreen=\"allowfullscreen\" loading=\"lazy\">&nbsp<\/iframe>\t\t\t\t<\/div>\n\t\t\t\t<div class=\"elementor-element elementor-element-d7d54f6 elementor-widget elementor-widget-text-editor\" data-id=\"d7d54f6\" data-element_type=\"widget\" data-e-type=\"widget\" data-widget_type=\"text-editor.default\">\n\t\t\t\t\t\t\t\t\t<p>Por una Marat\u00f3n m\u00e1s Sostenible<\/p><p>Nuestro compromiso incluye:<\/p><ul><li>Reducci\u00f3n de residuos en zonas clave de la carrera.<\/li><li>Fomento del transporte p\u00fablico y la movilidad sostenible.<\/li><li>Materiales m\u00e1s responsables en merchandising y equipaci\u00f3n.<\/li><li>Acciones de compensaci\u00f3n y proyectos medioambientales vinculados al evento.<\/li><\/ul><p>Cada paso cuenta.<br \/>Cada corredor suma.<\/p><h4>Juntos podemos hacer de la Zurich Marat\u00f3 Barcelona un evento cada vez m\u00e1s respetuoso con el planeta.<\/h4>\t\t\t\t\t\t\t\t<\/div>\n\t\t\t\t<\/div>\n\t\t\t\t<\/div>\n\t\t\t\t<\/div>\n\t\t\t\t<\/div>\n\t\t","protected":false},"excerpt":{"rendered":"<p>Calcula tu huella de carbono Compromiso con la Sostenibilidad en la Marat\u00f3n de Barcelona En la Zurich Marat\u00f3 de Barcelona\u00a0nos enorgullece ser un evento que celebra el esfuerzo, la superaci\u00f3n y la pasi\u00f3n por correr\u2026 pero tambi\u00e9n el respeto y el cuidado del planeta. Nuestro compromiso con la sostenibilidad forma parte esencial de la experiencia [&hellip;]<\/p>\n","protected":false},"author":3,"featured_media":0,"parent":0,"menu_order":0,"comment_status":"closed","ping_status":"closed","template":"","meta":{"footnotes":""},"class_list":["post-16716","page","type-page","status-publish","hentry"],"_links":{"self":[{"href":"https:\/\/zurichmaratobarcelona.es\/es\/wp-json\/wp\/v2\/pages\/16716","targetHints":{"allow":["GET"]}}],"collection":[{"href":"https:\/\/zurichmaratobarcelona.es\/es\/wp-json\/wp\/v2\/pages"}],"about":[{"href":"https:\/\/zurichmaratobarcelona.es\/es\/wp-json\/wp\/v2\/types\/page"}],"author":[{"embeddable":true,"href":"https:\/\/zurichmaratobarcelona.es\/es\/wp-json\/wp\/v2\/users\/3"}],"replies":[{"embeddable":true,"href":"https:\/\/zurichmaratobarcelona.es\/es\/wp-json\/wp\/v2\/comments?post=16716"}],"version-history":[{"count":22,"href":"https:\/\/zurichmaratobarcelona.es\/es\/wp-json\/wp\/v2\/pages\/16716\/revisions"}],"predecessor-version":[{"id":17238,"href":"https:\/\/zurichmaratobarcelona.es\/es\/wp-json\/wp\/v2\/pages\/16716\/revisions\/17238"}],"wp:attachment":[{"href":"https:\/\/zurichmaratobarcelona.es\/es\/wp-json\/wp\/v2\/media?parent=16716"}],"curies":[{"name":"wp","href":"https:\/\/api.w.org\/{rel}","templated":true}]}}