{"id":13758,"date":"2026-01-13T09:37:39","date_gmt":"2026-01-13T08:37:39","guid":{"rendered":"https:\/\/www.mitjamarato.barcelona\/?page_id=13758"},"modified":"2026-01-13T09:39:12","modified_gmt":"2026-01-13T08:39:12","slug":"historia","status":"publish","type":"page","link":"https:\/\/zurichmaratobarcelona.es\/es\/historia\/","title":{"rendered":"Historia"},"content":{"rendered":"\t\t<div data-elementor-type=\"wp-page\" data-elementor-id=\"13758\" class=\"elementor elementor-13758\" data-elementor-post-type=\"page\">\n\t\t\t\t<div class=\"elementor-element elementor-element-364406b e-con-full e-flex e-con e-parent\" data-id=\"364406b\" data-element_type=\"container\" data-e-type=\"container\" data-settings=\"{&quot;background_background&quot;:&quot;classic&quot;}\">\n\t\t<div class=\"elementor-element elementor-element-a9f4c0e e-con-full e-flex e-con e-child\" data-id=\"a9f4c0e\" data-element_type=\"container\" data-e-type=\"container\">\n\t\t\t\t<div class=\"elementor-element elementor-element-6e26e3e elementor-widget elementor-widget-heading\" data-id=\"6e26e3e\" data-element_type=\"widget\" data-e-type=\"widget\" data-widget_type=\"heading.default\">\n\t\t\t\t\t<h1 class=\"elementor-heading-title elementor-size-default\">Historia<\/h1>\t\t\t\t<\/div>\n\t\t<div class=\"elementor-element elementor-element-e695d1c e-con-full e-flex e-con e-child\" data-id=\"e695d1c\" data-element_type=\"container\" data-e-type=\"container\">\n\t\t\t\t<div class=\"elementor-element elementor-element-285c312 elementor-widget elementor-widget-heading\" data-id=\"285c312\" data-element_type=\"widget\" data-e-type=\"widget\" data-widget_type=\"heading.default\">\n\t\t\t\t\t<h2 class=\"elementor-heading-title elementor-size-default\">Des del 1991, una Mitja referent a l'atletisme internacional\n\u00a1Coneix totes las edicions!<\/h2>\t\t\t\t<\/div>\n\t\t\t\t<div class=\"elementor-element elementor-element-ee6828f elementor-widget-divider--view-line elementor-widget elementor-widget-divider\" data-id=\"ee6828f\" data-element_type=\"widget\" data-e-type=\"widget\" data-widget_type=\"divider.default\">\n\t\t\t\t\t\t\t<div class=\"elementor-divider\">\n\t\t\t<span class=\"elementor-divider-separator\">\n\t\t\t\t\t\t<\/span>\n\t\t<\/div>\n\t\t\t\t\t\t<\/div>\n\t\t\t\t<div class=\"elementor-element elementor-element-909540a elementor-widget elementor-widget-text-editor\" data-id=\"909540a\" data-element_type=\"widget\" data-e-type=\"widget\" data-widget_type=\"text-editor.default\">\n\t\t\t\t\t\t\t\t\t<p>Creada el 1991 aprofitant l&#8217;atmosfera ol\u00edmpica d&#8217;aquells anys i, per descomptat, seguint l&#8217;estela de l&#8217;altra gran prova maratoniana barcelonina (Zurich Marat\u00f3 Barcelona), la Mitja Marat\u00f3 ha esdevingut, amb el temps, un dels esdeveniments m\u00e9s importants del calendari atl\u00e8tic estatal. Celebrada ininterrompudament des de la seva creaci\u00f3, va estar, a la seva primera etapa, organitzada pel Club Nataci\u00f3 Catalunya i discorria per un tra\u00e7at similar a l&#8217;actual, per\u00f2 amb sortida i arribada a la Vila Ol\u00edmpica. A trav\u00e9s de les seves de les seves m\u00e9s de 30 edicions, l&#8217;esdeveniment ha anat creixent exponencialment i queda lluny la xifra de 5.000 participants de l&#8217;edici\u00f3 del 2010 que es van convertir en m\u00e9s de 23.000 el 2020.<\/p><p>Des del 2011, les companyies RPM Sports i ASO tenen l&#8217;honor d&#8217;organitzar aquesta prestigiosa prova i de comptar amb una nodrida representaci\u00f3 nacional i internacional de grans atletes. Per l&#8217;eDreams Mitja Marat\u00f3 Barcelona han passat noms il\u00b7lustres com els dels kenyans Peter Kosgei, Abel Kirui, Eliud Kipchoge o Victor Chumbo, vencedor de la darrera edici\u00f3. A la categoria femenina, l&#8217;et\u00edop Roza Dereje ha inscrit el seu nom amb lletres d&#8217;or despr\u00e9s dels seus triomfs en les dues darreres edicions. M\u00e9s enll\u00e0 dels grans noms, per\u00f2, l&#8217;eDreams Mitja Marat\u00f3 de Barcelona s&#8217;ha consolidat com una trobada d&#8217;esperit l\u00fadic-familiar per a tots els aficionats al running ia l&#8217;esport en general.<\/p>\t\t\t\t\t\t\t\t<\/div>\n\t\t\t\t<\/div>\n\t\t\t\t<\/div>\n\t\t<div class=\"elementor-element elementor-element-ba5de2e e-con-full e-flex e-con e-child\" data-id=\"ba5de2e\" data-element_type=\"container\" data-e-type=\"container\" data-settings=\"{&quot;background_background&quot;:&quot;classic&quot;,&quot;background_motion_fx_motion_fx_scrolling&quot;:&quot;yes&quot;,&quot;background_motion_fx_translateY_effect&quot;:&quot;yes&quot;,&quot;background_motion_fx_translateY_speed&quot;:{&quot;unit&quot;:&quot;px&quot;,&quot;size&quot;:2,&quot;sizes&quot;:[]},&quot;background_motion_fx_translateY_affectedRange&quot;:{&quot;unit&quot;:&quot;%&quot;,&quot;size&quot;:&quot;&quot;,&quot;sizes&quot;:{&quot;start&quot;:0,&quot;end&quot;:100}},&quot;background_motion_fx_devices&quot;:[&quot;desktop&quot;,&quot;laptop&quot;,&quot;tablet&quot;,&quot;mobile&quot;]}\">\n\t\t\t\t<\/div>\n\t\t\t\t<\/div>\n\t\t\t\t<\/div>\n\t\t","protected":false},"excerpt":{"rendered":"<p>Des del 1991, una Mitja referent a l&#8217;atletisme internacional \u00a1Coneix totes las edicions! Creada el 1991 aprofitant l&#8217;atmosfera ol\u00edmpica d&#8217;aquells anys i, per descomptat, seguint l&#8217;estela de l&#8217;altra gran prova maratoniana barcelonina (Zurich Marat\u00f3 Barcelona), la Mitja Marat\u00f3 ha esdevingut, amb el temps, un dels esdeveniments m\u00e9s importants del calendari atl\u00e8tic estatal. Celebrada ininterrompudament des [&hellip;]<\/p>\n","protected":false},"author":1,"featured_media":0,"parent":0,"menu_order":0,"comment_status":"closed","ping_status":"closed","template":"","meta":{"footnotes":""},"class_list":["post-13758","page","type-page","status-publish","hentry"],"_links":{"self":[{"href":"https:\/\/zurichmaratobarcelona.es\/es\/wp-json\/wp\/v2\/pages\/13758","targetHints":{"allow":["GET"]}}],"collection":[{"href":"https:\/\/zurichmaratobarcelona.es\/es\/wp-json\/wp\/v2\/pages"}],"about":[{"href":"https:\/\/zurichmaratobarcelona.es\/es\/wp-json\/wp\/v2\/types\/page"}],"author":[{"embeddable":true,"href":"https:\/\/zurichmaratobarcelona.es\/es\/wp-json\/wp\/v2\/users\/1"}],"replies":[{"embeddable":true,"href":"https:\/\/zurichmaratobarcelona.es\/es\/wp-json\/wp\/v2\/comments?post=13758"}],"version-history":[{"count":0,"href":"https:\/\/zurichmaratobarcelona.es\/es\/wp-json\/wp\/v2\/pages\/13758\/revisions"}],"wp:attachment":[{"href":"https:\/\/zurichmaratobarcelona.es\/es\/wp-json\/wp\/v2\/media?parent=13758"}],"curies":[{"name":"wp","href":"https:\/\/api.w.org\/{rel}","templated":true}]}}