{"id":13549,"date":"2026-01-07T15:12:23","date_gmt":"2026-01-07T14:12:23","guid":{"rendered":"https:\/\/www.mitjamarato.barcelona\/?page_id=13549"},"modified":"2026-01-07T15:59:25","modified_gmt":"2026-01-07T14:59:25","slug":"transporte-publico","status":"publish","type":"page","link":"https:\/\/zurichmaratobarcelona.es\/es\/transporte-publico\/","title":{"rendered":"Transporte p\u00fablico"},"content":{"rendered":"\t\t<div data-elementor-type=\"wp-page\" data-elementor-id=\"13549\" class=\"elementor elementor-13549\" data-elementor-post-type=\"page\">\n\t\t\t\t<div class=\"elementor-element elementor-element-8a9be32 e-con-full e-flex e-con e-parent\" data-id=\"8a9be32\" data-element_type=\"container\" data-e-type=\"container\" data-settings=\"{&quot;background_background&quot;:&quot;classic&quot;}\">\n\t\t<div class=\"elementor-element elementor-element-ba19563 e-con-full e-flex e-con e-child\" data-id=\"ba19563\" data-element_type=\"container\" data-e-type=\"container\">\n\t\t\t\t<div class=\"elementor-element elementor-element-d742629 elementor-widget elementor-widget-heading\" data-id=\"d742629\" data-element_type=\"widget\" data-e-type=\"widget\" data-widget_type=\"heading.default\">\n\t\t\t\t\t<h1 class=\"elementor-heading-title elementor-size-default\">Descuento RENFE<\/h1>\t\t\t\t<\/div>\n\t\t\t\t<div class=\"elementor-element elementor-element-d5271c6 elementor-widget-divider--view-line elementor-widget elementor-widget-divider\" data-id=\"d5271c6\" data-element_type=\"widget\" data-e-type=\"widget\" data-widget_type=\"divider.default\">\n\t\t\t\t\t\t\t<div class=\"elementor-divider\">\n\t\t\t<span class=\"elementor-divider-separator\">\n\t\t\t\t\t\t<\/span>\n\t\t<\/div>\n\t\t\t\t\t\t<\/div>\n\t\t<div class=\"elementor-element elementor-element-c918b90 e-con-full e-flex e-con e-child\" data-id=\"c918b90\" data-element_type=\"container\" data-e-type=\"container\">\n\t\t\t\t<div class=\"elementor-element elementor-element-87c002d con-link elementor-widget elementor-widget-text-editor\" data-id=\"87c002d\" data-element_type=\"widget\" data-e-type=\"widget\" data-widget_type=\"text-editor.default\">\n\t\t\t\t\t\t\t\t\t<p>Gracias a RENFE VIAJEROS, Transporte Oficial de la eDreams Mitja Marat\u00f3 Barcelona by Brooks 2024, puedes obtener un descuento del 10% en todos los trenes AVE de larga distancia durante el fin de semana del evento.<\/p><p>Para obtener tu descuento, lo que tienes que hacer es seguir estos sencillos pasos:<\/p><p>1. Solicita el n\u00famero de autorizaci\u00f3n a\u00a0<a href=\"mailto:info@edreamsmitjabarcelona.com\">info@edreamsmitjabarcelona.com<\/a>.<br \/>2. Haz clic en el bot\u00f3n \u201cReserva tu billete\u201d.<br \/>3. Escoge tus billetes y horarios preferidos.<br \/>4. Selecciona la tarifa de Congresos y Ferias.<br \/>5. A\u00f1ade el N\u00famero de Autorizaci\u00f3n.<\/p><p>\u00a1Disfruta de tu viaje y de la eDreams Mitja Marat\u00f3 Barcelona by Brooks 2024!<\/p>\t\t\t\t\t\t\t\t<\/div>\n\t\t\t\t<div class=\"elementor-element elementor-element-576ad7d elementor-align-left elementor-widget__width-inherit elementor-widget elementor-widget-button\" data-id=\"576ad7d\" data-element_type=\"widget\" data-e-type=\"widget\" data-widget_type=\"button.default\">\n\t\t\t\t\t\t\t\t\t\t<a class=\"elementor-button elementor-button-link elementor-size-sm\" href=\"https:\/\/www.renfe.com\/es\/es\/viajar\/prepara-tu-viaje\/billetes-ave-y-largadistancia\/todos-los-billetes?frm=0&#038;men=0&#038;tit=1\" target=\"_blank\" rel=\"noopener\">\n\t\t\t\t\t\t<span class=\"elementor-button-content-wrapper\">\n\t\t\t\t\t\t<span class=\"elementor-button-icon\">\n\t\t\t\t<svg xmlns=\"http:\/\/www.w3.org\/2000\/svg\" viewBox=\"0 0 32 32\"><path d=\"M 21.1875 9.28125 L 19.78125 10.71875 L 24.0625 15 L 4 15 L 4 17 L 24.0625 17 L 19.78125 21.28125 L 21.1875 22.71875 L 27.90625 16 Z\"><\/path><\/svg>\t\t\t<\/span>\n\t\t\t\t\t\t\t\t\t<span class=\"elementor-button-text\">Reserva tu billete<\/span>\n\t\t\t\t\t<\/span>\n\t\t\t\t\t<\/a>\n\t\t\t\t\t\t\t\t<\/div>\n\t\t\t\t<\/div>\n\t\t\t\t<\/div>\n\t\t<div class=\"elementor-element elementor-element-be95aff e-con-full e-flex e-con e-child\" data-id=\"be95aff\" data-element_type=\"container\" data-e-type=\"container\" data-settings=\"{&quot;background_background&quot;:&quot;classic&quot;,&quot;background_motion_fx_motion_fx_scrolling&quot;:&quot;yes&quot;,&quot;background_motion_fx_translateY_effect&quot;:&quot;yes&quot;,&quot;background_motion_fx_translateY_speed&quot;:{&quot;unit&quot;:&quot;px&quot;,&quot;size&quot;:2,&quot;sizes&quot;:[]},&quot;background_motion_fx_translateY_affectedRange&quot;:{&quot;unit&quot;:&quot;%&quot;,&quot;size&quot;:&quot;&quot;,&quot;sizes&quot;:{&quot;start&quot;:0,&quot;end&quot;:100}},&quot;background_motion_fx_devices&quot;:[&quot;desktop&quot;,&quot;laptop&quot;,&quot;tablet&quot;,&quot;mobile&quot;]}\">\n\t\t\t\t<\/div>\n\t\t\t\t<\/div>\n\t\t\t\t<\/div>\n\t\t","protected":false},"excerpt":{"rendered":"<p>Descuento RENFE Gracias a RENFE VIAJEROS, Transporte Oficial de la eDreams Mitja Marat\u00f3 Barcelona by Brooks 2024, puedes obtener un descuento del 10% en todos los trenes AVE de larga distancia durante el fin de semana del evento. Para obtener tu descuento, lo que tienes que hacer es seguir estos sencillos pasos: 1. Solicita el [&hellip;]<\/p>\n","protected":false},"author":1,"featured_media":0,"parent":0,"menu_order":0,"comment_status":"closed","ping_status":"closed","template":"","meta":{"footnotes":""},"class_list":["post-13549","page","type-page","status-publish","hentry"],"_links":{"self":[{"href":"https:\/\/zurichmaratobarcelona.es\/es\/wp-json\/wp\/v2\/pages\/13549","targetHints":{"allow":["GET"]}}],"collection":[{"href":"https:\/\/zurichmaratobarcelona.es\/es\/wp-json\/wp\/v2\/pages"}],"about":[{"href":"https:\/\/zurichmaratobarcelona.es\/es\/wp-json\/wp\/v2\/types\/page"}],"author":[{"embeddable":true,"href":"https:\/\/zurichmaratobarcelona.es\/es\/wp-json\/wp\/v2\/users\/1"}],"replies":[{"embeddable":true,"href":"https:\/\/zurichmaratobarcelona.es\/es\/wp-json\/wp\/v2\/comments?post=13549"}],"version-history":[{"count":0,"href":"https:\/\/zurichmaratobarcelona.es\/es\/wp-json\/wp\/v2\/pages\/13549\/revisions"}],"wp:attachment":[{"href":"https:\/\/zurichmaratobarcelona.es\/es\/wp-json\/wp\/v2\/media?parent=13549"}],"curies":[{"name":"wp","href":"https:\/\/api.w.org\/{rel}","templated":true}]}}