{"id":13744,"date":"2025-10-28T12:28:10","date_gmt":"2025-10-28T11:28:10","guid":{"rendered":"https:\/\/www.mitjamarato.barcelona\/sitemap\/"},"modified":"2026-01-26T17:19:34","modified_gmt":"2026-01-26T16:19:34","slug":"sitemap","status":"publish","type":"page","link":"https:\/\/zurichmaratobarcelona.es\/en\/sitemap\/","title":{"rendered":"Sitemap"},"content":{"rendered":"\t\t<div data-elementor-type=\"wp-page\" data-elementor-id=\"13744\" class=\"elementor elementor-13744 elementor-216\" data-elementor-post-type=\"page\">\n\t\t\t\t<div class=\"elementor-element elementor-element-3f26b13 e-con-full e-flex e-con e-parent\" data-id=\"3f26b13\" data-element_type=\"container\" data-e-type=\"container\" data-settings=\"{&quot;background_background&quot;:&quot;classic&quot;}\">\n\t\t<div class=\"elementor-element elementor-element-b2807ea e-con-full e-flex e-con e-child\" data-id=\"b2807ea\" data-element_type=\"container\" data-e-type=\"container\">\n\t\t\t\t<div class=\"elementor-element elementor-element-3494718 elementor-widget elementor-widget-heading\" data-id=\"3494718\" data-element_type=\"widget\" data-e-type=\"widget\" data-widget_type=\"heading.default\">\n\t\t\t\t\t<h1 class=\"elementor-heading-title elementor-size-default\">Sitemap<\/h1>\t\t\t\t<\/div>\n\t\t<div class=\"elementor-element elementor-element-51345f2 e-con-full e-flex e-con e-child\" data-id=\"51345f2\" data-element_type=\"container\" data-e-type=\"container\">\n\t\t\t\t<div class=\"elementor-element elementor-element-a45b5ef elementor-widget-divider--view-line elementor-widget elementor-widget-divider\" data-id=\"a45b5ef\" data-element_type=\"widget\" data-e-type=\"widget\" data-widget_type=\"divider.default\">\n\t\t\t\t\t\t\t<div class=\"elementor-divider\">\n\t\t\t<span class=\"elementor-divider-separator\">\n\t\t\t\t\t\t<\/span>\n\t\t<\/div>\n\t\t\t\t\t\t<\/div>\n\t\t\t\t<div class=\"elementor-element elementor-element-6afe896 elementor-widget elementor-widget-sitemap\" data-id=\"6afe896\" data-element_type=\"widget\" data-e-type=\"widget\" data-widget_type=\"sitemap.default\">\n\t\t\t\t\t<div class=\"elementor-sitemap-wrap\"><div class=\"elementor-sitemap-section\"><h2 class=\"elementor-sitemap-title elementor-sitemap-page-title\">Pages<\/h2><ul class=\"elementor-sitemap-list elementor-sitemap-page-list\"><li class=\"elementor-sitemap-item elementor-sitemap-item-page page_item page-item-13924\"><a href=\"https:\/\/zurichmaratobarcelona.es\/en\/i-am-a-runner\/aditional-services\/\">Aditional Services<\/a><\/li><li class=\"elementor-sitemap-item elementor-sitemap-item-page page_item page-item-13781\"><a href=\"https:\/\/zurichmaratobarcelona.es\/en\/app-policy\/\">App Policy<\/a><\/li><li class=\"elementor-sitemap-item elementor-sitemap-item-page page_item page-item-13899\"><a href=\"https:\/\/zurichmaratobarcelona.es\/en\/i-am-a-runner\/bib-number-pick-up\/\">Bib number pick up<\/a><\/li><li class=\"elementor-sitemap-item elementor-sitemap-item-page page_item page-item-15957\"><a href=\"https:\/\/zurichmaratobarcelona.es\/en\/event\/side-events\/bimbo_breakfast_run_en\/\">Bimbo breakfast run by hoka<\/a><\/li><li class=\"elementor-sitemap-item elementor-sitemap-item-page page_item page-item-16717\"><a href=\"https:\/\/zurichmaratobarcelona.es\/en\/sustainability\/\">Calculate your carbon footprint<\/a><\/li><li class=\"elementor-sitemap-item elementor-sitemap-item-page page_item page-item-13682\"><a href=\"https:\/\/zurichmaratobarcelona.es\/en\/event\/citizen-information\/\">Citizen information<\/a><\/li><li class=\"elementor-sitemap-item elementor-sitemap-item-page page_item page-item-13837\"><a href=\"https:\/\/zurichmaratobarcelona.es\/en\/i-am-a-runner\/cloakroom\/\">Cloakroom<\/a><\/li><li class=\"elementor-sitemap-item elementor-sitemap-item-page page_item page-item-13665\"><a href=\"https:\/\/zurichmaratobarcelona.es\/en\/contact\/\">Contact<\/a><\/li><li class=\"elementor-sitemap-item elementor-sitemap-item-page page_item page-item-13787\"><a href=\"https:\/\/zurichmaratobarcelona.es\/en\/cookies-policy\/\">Cookies policy<\/a><\/li><li class=\"elementor-sitemap-item elementor-sitemap-item-page page_item page-item-13903\"><a href=\"https:\/\/zurichmaratobarcelona.es\/en\/i-am-a-runner\/course\/\">Course<\/a><\/li><li class=\"elementor-sitemap-item elementor-sitemap-item-page page_item page-item-13668\"><a href=\"https:\/\/zurichmaratobarcelona.es\/en\/event\/\">Event<\/a><\/li><li class=\"elementor-sitemap-item elementor-sitemap-item-page page_item page-item-13820\"><a href=\"https:\/\/zurichmaratobarcelona.es\/en\/i-am-a-runner\/runners-fair-expo-sports\/expositor-area\/\">Exhibitor Area<\/a><\/li><li class=\"elementor-sitemap-item elementor-sitemap-item-page page_item page-item-13929\"><a href=\"https:\/\/zurichmaratobarcelona.es\/en\/i-am-a-runner\/frequently-asked-questions\/\">Frequently asked questions<\/a><\/li><li class=\"elementor-sitemap-item elementor-sitemap-item-page page_item page-item-13811\"><a href=\"https:\/\/zurichmaratobarcelona.es\/en\/history\/\">History<\/a><\/li><li class=\"elementor-sitemap-item elementor-sitemap-item-page page_item page-item-13625\"><a href=\"https:\/\/zurichmaratobarcelona.es\/en\/\">Home<\/a><\/li><li class=\"elementor-sitemap-item elementor-sitemap-item-page page_item page-item-14971\"><a href=\"https:\/\/zurichmaratobarcelona.es\/en\/home-2\/\">Home &#8211; Web raceday<\/a><\/li><li class=\"elementor-sitemap-item elementor-sitemap-item-page page_item page-item-13742\"><a href=\"https:\/\/zurichmaratobarcelona.es\/en\/hotspots\/\">Hotspots<\/a><\/li><li class=\"elementor-sitemap-item elementor-sitemap-item-page page_item page-item-13669\"><a href=\"https:\/\/zurichmaratobarcelona.es\/en\/event\/how-to-get-to-the-race\/\">How to get to the race<\/a><\/li><li class=\"elementor-sitemap-item elementor-sitemap-item-page page_item page-item-13808\"><a href=\"https:\/\/zurichmaratobarcelona.es\/en\/i-am-a-runner\/\">I am a runner<\/a><\/li><li class=\"elementor-sitemap-item elementor-sitemap-item-page page_item page-item-13654\"><a href=\"https:\/\/zurichmaratobarcelona.es\/en\/legal-notice\/\">Legal notice<\/a><\/li><li class=\"elementor-sitemap-item elementor-sitemap-item-page page_item page-item-13750\"><a href=\"https:\/\/zurichmaratobarcelona.es\/en\/marketplace\/\">Marketplace<\/a><\/li><li class=\"elementor-sitemap-item elementor-sitemap-item-page page_item page-item-13752 current_page_parent\"><a href=\"https:\/\/zurichmaratobarcelona.es\/en\/news\/\">News<\/a><\/li><li class=\"elementor-sitemap-item elementor-sitemap-item-page page_item page-item-13643\"><a href=\"https:\/\/zurichmaratobarcelona.es\/en\/parunda\/\">Parunda!<\/a><\/li><li class=\"elementor-sitemap-item elementor-sitemap-item-page page_item page-item-13806\"><a href=\"https:\/\/zurichmaratobarcelona.es\/en\/press\/\">Press<\/a><\/li><li class=\"elementor-sitemap-item elementor-sitemap-item-page page_item page-item-13795\"><a href=\"https:\/\/zurichmaratobarcelona.es\/en\/privacy-policy\/\">Privacy Policy<\/a><\/li><li class=\"elementor-sitemap-item elementor-sitemap-item-page page_item page-item-13927\"><a href=\"https:\/\/zurichmaratobarcelona.es\/en\/public-transport\/\">Public transport<\/a><\/li><li class=\"elementor-sitemap-item elementor-sitemap-item-page page_item page-item-13907\"><a href=\"https:\/\/zurichmaratobarcelona.es\/en\/i-am-a-runner\/regulation\/\">Regulation<\/a><\/li><li class=\"elementor-sitemap-item elementor-sitemap-item-page page_item page-item-13920\"><a href=\"https:\/\/zurichmaratobarcelona.es\/en\/i-am-a-runner\/results\/\">Results<\/a><\/li><li class=\"elementor-sitemap-item elementor-sitemap-item-page page_item page-item-16279\"><a href=\"https:\/\/zurichmaratobarcelona.es\/en\/event\/side-events\/run_at_home\/\">Run at home<\/a><\/li><li class=\"elementor-sitemap-item elementor-sitemap-item-page page_item page-item-13814\"><a href=\"https:\/\/zurichmaratobarcelona.es\/en\/i-am-a-runner\/runners-fair-expo-sports\/\">Runner&#8217;s Fair &#8211; Expo Sports<\/a><\/li><li class=\"elementor-sitemap-item elementor-sitemap-item-page page_item page-item-13673\"><a href=\"https:\/\/zurichmaratobarcelona.es\/en\/event\/side-events\/\">Side events<\/a><\/li><li class=\"elementor-sitemap-item elementor-sitemap-item-page page_item page-item-13744\"><a href=\"https:\/\/zurichmaratobarcelona.es\/en\/sitemap\/\">Sitemap<\/a><\/li><li class=\"elementor-sitemap-item elementor-sitemap-item-page page_item page-item-13692\"><a href=\"https:\/\/zurichmaratobarcelona.es\/en\/event\/sponsors\/\">Sponsors<\/a><\/li><li class=\"elementor-sitemap-item elementor-sitemap-item-page page_item page-item-13773\"><a href=\"https:\/\/zurichmaratobarcelona.es\/en\/our-identity\/\">Sustainability<\/a><\/li><li class=\"elementor-sitemap-item elementor-sitemap-item-page page_item page-item-13849\"><a href=\"https:\/\/zurichmaratobarcelona.es\/en\/i-am-a-runner\/training-plans\/\">Training plans<\/a><\/li><li class=\"elementor-sitemap-item elementor-sitemap-item-page page_item page-item-13677\"><a href=\"https:\/\/zurichmaratobarcelona.es\/en\/event\/visit-barcelona\/\">Visit Barcelona<\/a><\/li><li class=\"elementor-sitemap-item elementor-sitemap-item-page page_item page-item-13831\"><a href=\"https:\/\/zurichmaratobarcelona.es\/en\/i-am-a-runner\/runners-fair-expo-sports\/visitor-area\/\">Visitor Area<\/a><\/li><li class=\"elementor-sitemap-item elementor-sitemap-item-page page_item page-item-13712\"><a href=\"https:\/\/zurichmaratobarcelona.es\/en\/event\/volunteering-2026\/\">Volunteering 2026<\/a><\/li><li class=\"elementor-sitemap-item elementor-sitemap-item-page page_item page-item-15854\"><a href=\"https:\/\/zurichmaratobarcelona.es\/en\/event\/side-events\/bib-number-pick-up\/\">Zurich Kids Race<\/a><\/li><\/ul><\/div><div class=\"elementor-sitemap-section\"><h2 class=\"elementor-sitemap-title elementor-sitemap-post-title\">News<\/h2><ul class=\"elementor-sitemap-list elementor-sitemap-post-list\"><li class=\"elementor-sitemap-item elementor-sitemap-item-post page_item page-item-13756\"><a href=\"https:\/\/zurichmaratobarcelona.es\/en\/2025\/03\/14\/27000-participants-historical-record-for-the-zurich-marato-barcelona-2025-which-will-also-host-the-spanish-and-catalan-marathon-championships\/\">27,000 participants: historical record for the Zurich Marat\u00f3 Barcelona 2025, which will also host the Spanish and Catalan Marathon Championships<\/a><\/li><li class=\"elementor-sitemap-item elementor-sitemap-item-post page_item page-item-13021\"><a href=\"https:\/\/zurichmaratobarcelona.es\/en\/2025\/02\/10\/aigues-de-barcelona-will-be-the-official-sustainable-hydration-provider-for-the-edreams-mitja-marato-barcelona-by-brooks-and-the-zurich-marato-barcelona-in-2025\/\">Aig\u00fces de Barcelona will be the official sustainable hydration provider for the eDreams Mitja Marat\u00f3 Barcelona by Brooks and the Zurich Marat\u00f3 Barcelona in 2025<\/a><\/li><li class=\"elementor-sitemap-item elementor-sitemap-item-post page_item page-item-16085\"><a href=\"https:\/\/zurichmaratobarcelona.es\/en\/2025\/03\/13\/ecotic-envases-becomes-the-official-sponsor-of-the-zurich-barcelona-marathon-2025-promoting-recycling-and-sustainability-at-the-event\/\">ECOTIC Envases Becomes the Official Sponsor of the Zurich Barcelona Marathon 2025, Promoting Recycling and Sustainability at the Event<\/a><\/li><li class=\"elementor-sitemap-item elementor-sitemap-item-post page_item page-item-16095\"><a href=\"https:\/\/zurichmaratobarcelona.es\/en\/2025\/12\/17\/finisher-renews-as-official-sports-nutrition-and-supplementation-sponsor-of-the-zurich-marato-barcelona-and-the-hyundai-mitja-marato-barcelona-by-brooks-until-2028\/\">Finisher\u00ae renews as Official Sports Nutrition and Supplementation Sponsor of the Zurich Marat\u00f3 Barcelona and the Hyundai Mitja Marat\u00f3 Barcelona by Brooks until 2028<\/a><\/li><li class=\"elementor-sitemap-item elementor-sitemap-item-post page_item page-item-16713\"><a href=\"https:\/\/zurichmaratobarcelona.es\/en\/2026\/03\/20\/fotyen-tesfay-wins-zurich-barcelona-marathon-with-the-second-fastest-time-marathon-in-her-debut\/\">Fotyen Tesfay Wins Zurich Barcelona Marathon with the Second-Fastest time Marathon in her debut<\/a><\/li><li class=\"elementor-sitemap-item elementor-sitemap-item-post page_item page-item-13341\"><a href=\"https:\/\/zurichmaratobarcelona.es\/en\/2025\/03\/03\/garmin-forerunner-265-the-official-watch-of-the-zurich-marato-barcelona-2025\/\">Garmin Forerunner 265, the Official Watch of the Zurich Marat\u00f3 Barcelona 2025<\/a><\/li><li class=\"elementor-sitemap-item elementor-sitemap-item-post page_item page-item-16094\"><a href=\"https:\/\/zurichmaratobarcelona.es\/en\/2025\/12\/15\/historic-record-zurich-marato-barcelona-surpasses-30000-registered-runners\/\">Historic record: Zurich Marat\u00f3 Barcelona surpasses 30,000 registered runners<\/a><\/li><li class=\"elementor-sitemap-item elementor-sitemap-item-post page_item page-item-16114\"><a href=\"https:\/\/zurichmaratobarcelona.es\/en\/2026\/01\/13\/14741\/\">HOKA NAMED\u00a0MAIN SPONSOR\u00a0OF THE ZURICH MARAT\u00d3 BARCELONA\u00a0<\/a><\/li><li class=\"elementor-sitemap-item elementor-sitemap-item-post page_item page-item-13504\"><a href=\"https:\/\/zurichmaratobarcelona.es\/en\/2025\/03\/06\/hyundai-will-be-accompanying-runners-at-the-zurich-marato-barcelona-2025\/\">Hyundai will be accompanying runners at the Zurich Marat\u00f3 Barcelona 2025<\/a><\/li><li class=\"elementor-sitemap-item elementor-sitemap-item-post page_item page-item-16090\"><a href=\"https:\/\/zurichmaratobarcelona.es\/en\/2025\/11\/19\/ok-mobility-un-any-mes-a-la-zurich-marato-barcelona-2\/\">OK Mobility joins the Zurich Marat\u00f3 Barcelona once again.<\/a><\/li><li class=\"elementor-sitemap-item elementor-sitemap-item-post page_item page-item-13122\"><a href=\"https:\/\/zurichmaratobarcelona.es\/en\/2025\/02\/19\/ok-mobility-official-sponsor-of-the-zurich-marato-barcelona-2025\/\">OK Mobility, official sponsor of the Zurich Marat\u00f3 Barcelona 2025<\/a><\/li><li class=\"elementor-sitemap-item elementor-sitemap-item-post page_item page-item-12892\"><a href=\"https:\/\/zurichmaratobarcelona.es\/en\/2025\/01\/28\/sb-hotels-the-official-hotel-chain-of-the-edreams-mitja-marato-de-barcelona-by-brooks-2025-and-the-zurich-marato-barcelona-2025\/\">SB Hotels, the official hotel chain of the Zurich Marat\u00f3 Barcelona 2025 and the eDreams Mitja Marat\u00f3 de Barcelona by Brooks 2025<\/a><\/li><li class=\"elementor-sitemap-item elementor-sitemap-item-post page_item page-item-16088\"><a href=\"https:\/\/zurichmaratobarcelona.es\/en\/2025\/03\/16\/tesfaye-deriba-and-sharon-chelimo-set-new-records-at-the-zurich-marato-barcelona-2025\/\">Tesfaye Deriba and Sharon Chelimo set new records at the Zurich Marat\u00f3 Barcelona 2025<\/a><\/li><li class=\"elementor-sitemap-item elementor-sitemap-item-post page_item page-item-12838\"><a href=\"https:\/\/zurichmaratobarcelona.es\/en\/2025\/01\/24\/the-medal-of-the-zurich-marato-barcelona-2025-a-tribute-to-its-monumental-course-and-the-citys-atmosphere\/\">The Medal of the Zurich Marat\u00f3 Barcelona 2025: a tribute to its monumental course and the city&#8217;s atmosphere<\/a><\/li><li class=\"elementor-sitemap-item elementor-sitemap-item-post page_item page-item-13476\"><a href=\"https:\/\/zurichmaratobarcelona.es\/en\/2025\/03\/05\/the-t-shirt-of-the-zurich-marato-barcelona-2025-vindicates-the-atmosphere-and-animation-of-the-city-during-its-course\/\">The T-shirt of the Zurich Marat\u00f3 Barcelona 2025 vindicates the atmosphere and animation of the city during its course<\/a><\/li><li class=\"elementor-sitemap-item elementor-sitemap-item-post page_item page-item-12707\"><a href=\"https:\/\/zurichmaratobarcelona.es\/en\/2025\/01\/09\/the-zurich-marato-barcelona-2025-breaks-its-registration-record-with-27000-bibs-sold\/\">The Zurich Marat\u00f3 Barcelona 2025 breaks its registration record with 27,000 bibs sold<\/a><\/li><li class=\"elementor-sitemap-item elementor-sitemap-item-post page_item page-item-13119\"><a href=\"https:\/\/zurichmaratobarcelona.es\/en\/2025\/02\/19\/the-zurich-marato-barcelona-2025-makes-womens-running-visible-and-promotes-it-with-the-project-donant-pas\/\">The Zurich Marat\u00f3 Barcelona 2025 makes women&#8217;s running visible and promotes it with the project \u2018DONAnt Pas\u2019.<\/a><\/li><li class=\"elementor-sitemap-item elementor-sitemap-item-post page_item page-item-13302\"><a href=\"https:\/\/zurichmaratobarcelona.es\/en\/2025\/02\/26\/the-zurich-marato-barcelona-2025-optimises-its-route-to-improve-the-runners-and-spectators-experience-for-runners-and-spectators\/\">The Zurich Marat\u00f3 Barcelona 2025 optimises its route to improve the runners and spectators experience for runners and spectators<\/a><\/li><li class=\"elementor-sitemap-item elementor-sitemap-item-post page_item page-item-12926\"><a href=\"https:\/\/zurichmaratobarcelona.es\/en\/2025\/01\/29\/the-zurich-marato-barcelona-2025-will-once-again-be-the-championship-of-catalonia-for-the-marathon-for-the-second-consecutive-year\/\">The Zurich Marat\u00f3 Barcelona 2025 will once again be the Championship of Catalonia for the marathon for the second consecutive year<\/a><\/li><li class=\"elementor-sitemap-item elementor-sitemap-item-post page_item page-item-16116\"><a href=\"https:\/\/zurichmaratobarcelona.es\/en\/2026\/01\/07\/the-zurich-marato-de-barcelona-posts-a-sold-out-sign-with-32000-registrations-for-2026\/\">The Zurich Marat\u00f3 de Barcelona posts a \u201csold out\u201d sign with 32,000 registrations for 2026<\/a><\/li><li class=\"elementor-sitemap-item elementor-sitemap-item-post page_item page-item-13356\"><a href=\"https:\/\/zurichmaratobarcelona.es\/en\/2025\/03\/03\/vitamin-well-will-be-the-official-drink-of-thezurich-marato-barcelona-2025-one-of-the-most-complete-and-magical-marathons-in-the-world\/\">Vitamin Well will be the official drink of theZurich Marat\u00f3 Barcelona 2025, one of the most complete and magical marathons in the world<\/a><\/li><\/ul><\/div><\/div>\t\t\t\t<\/div>\n\t\t\t\t<\/div>\n\t\t\t\t<\/div>\n\t\t\t\t<\/div>\n\t\t\t\t<\/div>\n\t\t","protected":false},"excerpt":{"rendered":"","protected":false},"author":1,"featured_media":0,"parent":0,"menu_order":0,"comment_status":"closed","ping_status":"closed","template":"","meta":{"footnotes":""},"class_list":["post-13744","page","type-page","status-publish","hentry"],"_links":{"self":[{"href":"https:\/\/zurichmaratobarcelona.es\/en\/wp-json\/wp\/v2\/pages\/13744","targetHints":{"allow":["GET"]}}],"collection":[{"href":"https:\/\/zurichmaratobarcelona.es\/en\/wp-json\/wp\/v2\/pages"}],"about":[{"href":"https:\/\/zurichmaratobarcelona.es\/en\/wp-json\/wp\/v2\/types\/page"}],"author":[{"embeddable":true,"href":"https:\/\/zurichmaratobarcelona.es\/en\/wp-json\/wp\/v2\/users\/1"}],"replies":[{"embeddable":true,"href":"https:\/\/zurichmaratobarcelona.es\/en\/wp-json\/wp\/v2\/comments?post=13744"}],"version-history":[{"count":0,"href":"https:\/\/zurichmaratobarcelona.es\/en\/wp-json\/wp\/v2\/pages\/13744\/revisions"}],"wp:attachment":[{"href":"https:\/\/zurichmaratobarcelona.es\/en\/wp-json\/wp\/v2\/media?parent=13744"}],"curies":[{"name":"wp","href":"https:\/\/api.w.org\/{rel}","templated":true}]}}